{"id":730,"date":"2023-06-02T16:07:25","date_gmt":"2023-06-02T14:07:25","guid":{"rendered":"https:\/\/bw-au-cheval-blanc.ms2.decms.eu\/accueil\/"},"modified":"2023-11-29T17:56:28","modified_gmt":"2023-11-29T16:56:28","slug":"accueil","status":"publish","type":"page","link":"https:\/\/www.bestwestern-chevalblanc.com\/de\/","title":{"rendered":"Home"},"content":{"rendered":"<p style=\"text-align: center\">Herzlich Willkommen in Baldersheim! Vor ca. 150 Jahren stand an dieser Stelle ein Dorfcaf\u00e9! Im<br \/>\nSommer mit Geranien oder auf den Weihnachtsm\u00e4rkten mit winterlichem Schmuck geschm\u00fcckt, pflegt<br \/>\ndas Hotel \u201eAu Cheval Blanc\u201c die els\u00e4ssische Tradition authentischer Gastfreundschaft in einer<br \/>\nbezaubernden Umgebung am Stadtrand von Mulhouse in Baldersheim, einem mit der Auszeichnung<br \/>\n\u201e3 Blumen\u201c kleinen Dorf. Das familiengef\u00fchrte Hotel ist f\u00fcr seine G\u00e4ste das ganze Jahr \u00fcber offen. Im<br \/>\nLaufe der Jahrzehnte wurde das Haus erweitert: vom Dorfcaf\u00e9 zum Hotel aus den 1980er Jahren<br \/>\nbestehend aus einem Hauptgeb\u00e4ude mit 53 Zimmern, einem Restaurant und einem Wellnessbereich<br \/>\nmit Innenpool, Sauna, Whirlpool und Dampfbad. Im Jahre 1982 wurde ein Nebengeb\u00e4ude mit 30<br \/>\nZimmern, einem Tagungsraum und neuerdings auch einem Fitnessraum angebaut. 2022 entstand ein<br \/>\nneues Geb\u00e4ude im els\u00e4ssischen Stil mit Veranstaltungs- und Tagungsraum, Caf\u00e9-Konditorei und<br \/>\nneuen Terrassen, diese wurde vom lokalen architektonischen Erbe inspiriert, mit Fachwerk und der<br \/>\nVerwendung von massivem Sandstein. Unser Ziel ist es, Sie stets zufriedenzustellen, indem wir eine<br \/>\ngewisse Vorstellung von lokalen Traditionen und Know-how zu allen Jahreszeiten respektieren, denn<br \/>\ndas Elsass ist das ganze Jahr \u00fcber zu entdecken, vom Winterkarneval bis zum Nikolaus,<br \/>\neinschlie\u00dflich der sch\u00f6nen Jahreszeit und der Ernte.<\/p>\n<p style=\"text-align: center\">Die Familie Loeb und das gesamte Team von<br \/>\n\u201eCheval Blanc\u201c stehen Ihnen f\u00fcr einen sch\u00f6nen Aufenthalt im Elsass zur Verf\u00fcgung !<\/p>\n","protected":false},"excerpt":{"rendered":"<p>Herzlich Willkommen in Baldersheim! Vor ca. 150 Jahren stand an dieser Stelle ein Dorfcaf\u00e9! Im Sommer mit Geranien oder auf den Weihnachtsm\u00e4rkten mit winterlichem Schmuck geschm\u00fcckt, pflegt das Hotel \u201eAu Cheval Blanc\u201c die els\u00e4ssische Tradition authentischer Gastfreundschaft in einer bezaubernden Umgebung am Stadtrand von Mulhouse in Baldersheim, einem mit der Auszeichnung \u201e3 Blumen\u201c kleinen Dorf. [&hellip;]<\/p>\n","protected":false},"author":19,"featured_media":0,"parent":0,"menu_order":0,"comment_status":"closed","ping_status":"closed","template":"","meta":{"footnotes":""},"class_list":["post-730","page","type-page","status-publish","hentry"],"yoast_head":"<!-- This site is optimized with the Yoast SEO plugin v27.3 - https:\/\/yoast.com\/product\/yoast-seo-wordpress\/ -->\n<title>H\u00f4tel Au Cheval Blanc Mulhouse 4-Sterne-Hotel mit Spa &amp; Restaurant Elsass | Best Western Plus<\/title>\n<meta name=\"description\" content=\"Entdecken Sie unser hotel mit charme 4-Sterne mit \u00d6ko-Label in Baldersheim bei Mulhouse und genie\u00dfen Sie dessen authentischen els\u00e4ssischen Charme, das Restaurant Ma\u00eetre Restaurateur, den Wellness- und Entspannungsbereich sowie den eindrucksvollen Seminar- und Konferenzraum.\" \/>\n<meta name=\"robots\" content=\"index, follow, max-snippet:-1, max-image-preview:large, max-video-preview:-1\" \/>\n<link rel=\"canonical\" href=\"https:\/\/www.bestwestern-chevalblanc.com\/de\/\" \/>\n<meta property=\"og:locale\" content=\"de_DE\" \/>\n<meta property=\"og:type\" content=\"article\" \/>\n<meta property=\"og:title\" content=\"H\u00f4tel Au Cheval Blanc Mulhouse 4-Sterne-Hotel mit Spa &amp; Restaurant Elsass | Best Western Plus\" \/>\n<meta property=\"og:description\" content=\"Entdecken Sie unser hotel mit charme 4-Sterne mit \u00d6ko-Label in Baldersheim bei Mulhouse und genie\u00dfen Sie dessen authentischen els\u00e4ssischen Charme, das Restaurant Ma\u00eetre Restaurateur, den Wellness- und Entspannungsbereich sowie den eindrucksvollen Seminar- und Konferenzraum.\" \/>\n<meta property=\"og:url\" content=\"https:\/\/www.bestwestern-chevalblanc.com\/de\/\" \/>\n<meta property=\"og:site_name\" content=\"Best Western Au Cheval Blanc Mulhouse Nord\" \/>\n<meta property=\"article:modified_time\" content=\"2023-11-29T16:56:28+00:00\" \/>\n<meta name=\"twitter:card\" content=\"summary_large_image\" \/>\n<meta name=\"twitter:label1\" content=\"Gesch\u00e4tzte Lesezeit\" \/>\n\t<meta name=\"twitter:data1\" content=\"1 Minute\" \/>\n<script type=\"application\/ld+json\" class=\"yoast-schema-graph\">{\"@context\":\"https:\\\/\\\/schema.org\",\"@graph\":[{\"@type\":\"WebPage\",\"@id\":\"https:\\\/\\\/www.bestwestern-chevalblanc.com\\\/de\\\/\",\"url\":\"https:\\\/\\\/www.bestwestern-chevalblanc.com\\\/de\\\/\",\"name\":\"H\u00f4tel Au Cheval Blanc Mulhouse 4-Sterne-Hotel mit Spa & Restaurant Elsass | Best Western Plus\",\"isPartOf\":{\"@id\":\"https:\\\/\\\/www.bestwestern-chevalblanc.com\\\/de\\\/#website\"},\"datePublished\":\"2023-06-02T14:07:25+00:00\",\"dateModified\":\"2023-11-29T16:56:28+00:00\",\"description\":\"Entdecken Sie unser hotel mit charme 4-Sterne mit \u00d6ko-Label in Baldersheim bei Mulhouse und genie\u00dfen Sie dessen authentischen els\u00e4ssischen Charme, das Restaurant Ma\u00eetre Restaurateur, den Wellness- und Entspannungsbereich sowie den eindrucksvollen Seminar- und Konferenzraum.\",\"breadcrumb\":{\"@id\":\"https:\\\/\\\/www.bestwestern-chevalblanc.com\\\/de\\\/#breadcrumb\"},\"inLanguage\":\"de-DE\",\"potentialAction\":[{\"@type\":\"ReadAction\",\"target\":[\"https:\\\/\\\/www.bestwestern-chevalblanc.com\\\/de\\\/\"]}]},{\"@type\":\"BreadcrumbList\",\"@id\":\"https:\\\/\\\/www.bestwestern-chevalblanc.com\\\/de\\\/#breadcrumb\",\"itemListElement\":[{\"@type\":\"ListItem\",\"position\":1,\"name\":\"Accueil\",\"item\":\"https:\\\/\\\/www.bestwestern-chevalblanc.com\\\/de\\\/\"},{\"@type\":\"ListItem\",\"position\":2,\"name\":\"Home\"}]},{\"@type\":\"WebSite\",\"@id\":\"https:\\\/\\\/www.bestwestern-chevalblanc.com\\\/de\\\/#website\",\"url\":\"https:\\\/\\\/www.bestwestern-chevalblanc.com\\\/de\\\/\",\"name\":\"Best Western Au Cheval Blanc Mulhouse Nord\",\"description\":\"\",\"potentialAction\":[{\"@type\":\"SearchAction\",\"target\":{\"@type\":\"EntryPoint\",\"urlTemplate\":\"https:\\\/\\\/www.bestwestern-chevalblanc.com\\\/de\\\/?s={search_term_string}\"},\"query-input\":{\"@type\":\"PropertyValueSpecification\",\"valueRequired\":true,\"valueName\":\"search_term_string\"}}],\"inLanguage\":\"de-DE\"}]}<\/script>\n<!-- \/ Yoast SEO plugin. -->","yoast_head_json":{"title":"H\u00f4tel Au Cheval Blanc Mulhouse 4-Sterne-Hotel mit Spa & Restaurant Elsass | Best Western Plus","description":"Entdecken Sie unser hotel mit charme 4-Sterne mit \u00d6ko-Label in Baldersheim bei Mulhouse und genie\u00dfen Sie dessen authentischen els\u00e4ssischen Charme, das Restaurant Ma\u00eetre Restaurateur, den Wellness- und Entspannungsbereich sowie den eindrucksvollen Seminar- und Konferenzraum.","robots":{"index":"index","follow":"follow","max-snippet":"max-snippet:-1","max-image-preview":"max-image-preview:large","max-video-preview":"max-video-preview:-1"},"canonical":"https:\/\/www.bestwestern-chevalblanc.com\/de\/","og_locale":"de_DE","og_type":"article","og_title":"H\u00f4tel Au Cheval Blanc Mulhouse 4-Sterne-Hotel mit Spa & Restaurant Elsass | Best Western Plus","og_description":"Entdecken Sie unser hotel mit charme 4-Sterne mit \u00d6ko-Label in Baldersheim bei Mulhouse und genie\u00dfen Sie dessen authentischen els\u00e4ssischen Charme, das Restaurant Ma\u00eetre Restaurateur, den Wellness- und Entspannungsbereich sowie den eindrucksvollen Seminar- und Konferenzraum.","og_url":"https:\/\/www.bestwestern-chevalblanc.com\/de\/","og_site_name":"Best Western Au Cheval Blanc Mulhouse Nord","article_modified_time":"2023-11-29T16:56:28+00:00","twitter_card":"summary_large_image","twitter_misc":{"Gesch\u00e4tzte Lesezeit":"1 Minute"},"schema":{"@context":"https:\/\/schema.org","@graph":[{"@type":"WebPage","@id":"https:\/\/www.bestwestern-chevalblanc.com\/de\/","url":"https:\/\/www.bestwestern-chevalblanc.com\/de\/","name":"H\u00f4tel Au Cheval Blanc Mulhouse 4-Sterne-Hotel mit Spa & Restaurant Elsass | Best Western Plus","isPartOf":{"@id":"https:\/\/www.bestwestern-chevalblanc.com\/de\/#website"},"datePublished":"2023-06-02T14:07:25+00:00","dateModified":"2023-11-29T16:56:28+00:00","description":"Entdecken Sie unser hotel mit charme 4-Sterne mit \u00d6ko-Label in Baldersheim bei Mulhouse und genie\u00dfen Sie dessen authentischen els\u00e4ssischen Charme, das Restaurant Ma\u00eetre Restaurateur, den Wellness- und Entspannungsbereich sowie den eindrucksvollen Seminar- und Konferenzraum.","breadcrumb":{"@id":"https:\/\/www.bestwestern-chevalblanc.com\/de\/#breadcrumb"},"inLanguage":"de-DE","potentialAction":[{"@type":"ReadAction","target":["https:\/\/www.bestwestern-chevalblanc.com\/de\/"]}]},{"@type":"BreadcrumbList","@id":"https:\/\/www.bestwestern-chevalblanc.com\/de\/#breadcrumb","itemListElement":[{"@type":"ListItem","position":1,"name":"Accueil","item":"https:\/\/www.bestwestern-chevalblanc.com\/de\/"},{"@type":"ListItem","position":2,"name":"Home"}]},{"@type":"WebSite","@id":"https:\/\/www.bestwestern-chevalblanc.com\/de\/#website","url":"https:\/\/www.bestwestern-chevalblanc.com\/de\/","name":"Best Western Au Cheval Blanc Mulhouse Nord","description":"","potentialAction":[{"@type":"SearchAction","target":{"@type":"EntryPoint","urlTemplate":"https:\/\/www.bestwestern-chevalblanc.com\/de\/?s={search_term_string}"},"query-input":{"@type":"PropertyValueSpecification","valueRequired":true,"valueName":"search_term_string"}}],"inLanguage":"de-DE"}]}},"acf":[],"_links":{"self":[{"href":"https:\/\/www.bestwestern-chevalblanc.com\/de\/wp-json\/wp\/v2\/pages\/730","targetHints":{"allow":["GET"]}}],"collection":[{"href":"https:\/\/www.bestwestern-chevalblanc.com\/de\/wp-json\/wp\/v2\/pages"}],"about":[{"href":"https:\/\/www.bestwestern-chevalblanc.com\/de\/wp-json\/wp\/v2\/types\/page"}],"author":[{"embeddable":true,"href":"https:\/\/www.bestwestern-chevalblanc.com\/de\/wp-json\/wp\/v2\/users\/19"}],"replies":[{"embeddable":true,"href":"https:\/\/www.bestwestern-chevalblanc.com\/de\/wp-json\/wp\/v2\/comments?post=730"}],"version-history":[{"count":0,"href":"https:\/\/www.bestwestern-chevalblanc.com\/de\/wp-json\/wp\/v2\/pages\/730\/revisions"}],"wp:attachment":[{"href":"https:\/\/www.bestwestern-chevalblanc.com\/de\/wp-json\/wp\/v2\/media?parent=730"}],"curies":[{"name":"wp","href":"https:\/\/api.w.org\/{rel}","templated":true}]}}