{"id":732,"date":"2023-06-02T16:09:53","date_gmt":"2023-06-02T14:09:53","guid":{"rendered":"https:\/\/bw-au-cheval-blanc.ms2.decms.eu\/chambres\/"},"modified":"2023-11-29T17:58:46","modified_gmt":"2023-11-29T16:58:46","slug":"zimmer-suiten","status":"publish","type":"page","link":"https:\/\/www.bestwestern-chevalblanc.com\/de\/zimmer-suiten\/","title":{"rendered":"Zimmer &amp; Suiten"},"content":{"rendered":"<p style=\"text-align: center\">Das Nichtraucher-Hotel verf\u00fcgt \u00fcber 83 Zimmer, zum Teil mit Balkon, die f\u00fcr Ihren Komfort komplett<br \/>\nund mit hochwertigen Betten ausgestattet sind. W\u00e4hrend Ihres Aufenthaltes werden Sie die Ruhe der<br \/>\nd\u00f6rflichen Umgebung von Baldersheim sch\u00e4tzen. Die meisten Zimmer erinnern an die Dekoration rund<br \/>\num die ber\u00fchmten Museen von Mulhouse wie das Automobilmuseum, die Stadt der Eisenbahn, das<br \/>\nStoffmuseum, das Tapetenmuseum und auch ein paar Anspielungen auf die Zoos von Mulhouse. Im<br \/>\nZimmerpreis ist der Zugang zum Wellnessbereich inklusive Innenpool, Sauna, Whirlpool, Dampfbad<br \/>\n(im Hauptgeb\u00e4ude) und Fitnessraum (im Nebengeb\u00e4ude) inbegriffen. F\u00fcr ein komfortables Surfen im<br \/>\nInternet bieten wir H\u00f6chstgeschwindigkeit von bis zu 600 M. Laden Sie die kostenlose Best Western<br \/>\nEconcierge-Anwendung runter und entdecken Sie alle Serviceleistungen des Hotels sowie kostenlose<br \/>\ndigitale Zeitschriften.<\/p>\n<p style=\"text-align: center\">\n","protected":false},"excerpt":{"rendered":"<p>Das Nichtraucher-Hotel verf\u00fcgt \u00fcber 83 Zimmer, zum Teil mit Balkon, die f\u00fcr Ihren Komfort komplett und mit hochwertigen Betten ausgestattet sind. W\u00e4hrend Ihres Aufenthaltes werden Sie die Ruhe der d\u00f6rflichen Umgebung von Baldersheim sch\u00e4tzen. Die meisten Zimmer erinnern an die Dekoration rund um die ber\u00fchmten Museen von Mulhouse wie das Automobilmuseum, die Stadt der Eisenbahn, [&hellip;]<\/p>\n","protected":false},"author":19,"featured_media":0,"parent":0,"menu_order":0,"comment_status":"closed","ping_status":"closed","template":"template-rooms.php","meta":{"footnotes":""},"class_list":["post-732","page","type-page","status-publish","hentry"],"yoast_head":"<!-- This site is optimized with the Yoast SEO plugin v27.3 - https:\/\/yoast.com\/product\/yoast-seo-wordpress\/ -->\n<title>Zimmer &amp; Suiten, Charmantes Hotel Mulhouse | H\u00f4tel Au Cheval Blanc<\/title>\n<meta name=\"description\" content=\"Genie\u00dfen Sie einen angenehmen Aufenthalt in unserem 4-Sterne-Hotel in Baldersheim, Mulhouse. Wir bieten Ihnen 83 komfortable Zimmer: Einzelzimmer, Doppelzimmer, Dreibettzimmer und Suiten. Die Zimmer eignen sich ideal f\u00fcr einen Urlaubs- oder Gesch\u00e4ftsaufenthalt im Elsass.\" \/>\n<meta name=\"robots\" content=\"index, follow, max-snippet:-1, max-image-preview:large, max-video-preview:-1\" \/>\n<link rel=\"canonical\" href=\"https:\/\/www.bestwestern-chevalblanc.com\/de\/zimmer-suiten\/\" \/>\n<meta property=\"og:locale\" content=\"de_DE\" \/>\n<meta property=\"og:type\" content=\"article\" \/>\n<meta property=\"og:title\" content=\"Zimmer &amp; Suiten, Charmantes Hotel Mulhouse | H\u00f4tel Au Cheval Blanc\" \/>\n<meta property=\"og:description\" content=\"Genie\u00dfen Sie einen angenehmen Aufenthalt in unserem 4-Sterne-Hotel in Baldersheim, Mulhouse. Wir bieten Ihnen 83 komfortable Zimmer: Einzelzimmer, Doppelzimmer, Dreibettzimmer und Suiten. Die Zimmer eignen sich ideal f\u00fcr einen Urlaubs- oder Gesch\u00e4ftsaufenthalt im Elsass.\" \/>\n<meta property=\"og:url\" content=\"https:\/\/www.bestwestern-chevalblanc.com\/de\/zimmer-suiten\/\" \/>\n<meta property=\"og:site_name\" content=\"Best Western Au Cheval Blanc Mulhouse Nord\" \/>\n<meta property=\"article:modified_time\" content=\"2023-11-29T16:58:46+00:00\" \/>\n<meta name=\"twitter:card\" content=\"summary_large_image\" \/>\n<meta name=\"twitter:label1\" content=\"Gesch\u00e4tzte Lesezeit\" \/>\n\t<meta name=\"twitter:data1\" content=\"1 Minute\" \/>\n<script type=\"application\/ld+json\" class=\"yoast-schema-graph\">{\"@context\":\"https:\\\/\\\/schema.org\",\"@graph\":[{\"@type\":\"WebPage\",\"@id\":\"https:\\\/\\\/www.bestwestern-chevalblanc.com\\\/de\\\/zimmer-suiten\\\/\",\"url\":\"https:\\\/\\\/www.bestwestern-chevalblanc.com\\\/de\\\/zimmer-suiten\\\/\",\"name\":\"Zimmer & Suiten, Charmantes Hotel Mulhouse | H\u00f4tel Au Cheval Blanc\",\"isPartOf\":{\"@id\":\"https:\\\/\\\/www.bestwestern-chevalblanc.com\\\/de\\\/#website\"},\"datePublished\":\"2023-06-02T14:09:53+00:00\",\"dateModified\":\"2023-11-29T16:58:46+00:00\",\"description\":\"Genie\u00dfen Sie einen angenehmen Aufenthalt in unserem 4-Sterne-Hotel in Baldersheim, Mulhouse. Wir bieten Ihnen 83 komfortable Zimmer: Einzelzimmer, Doppelzimmer, Dreibettzimmer und Suiten. Die Zimmer eignen sich ideal f\u00fcr einen Urlaubs- oder Gesch\u00e4ftsaufenthalt im Elsass.\",\"breadcrumb\":{\"@id\":\"https:\\\/\\\/www.bestwestern-chevalblanc.com\\\/de\\\/zimmer-suiten\\\/#breadcrumb\"},\"inLanguage\":\"de-DE\",\"potentialAction\":[{\"@type\":\"ReadAction\",\"target\":[\"https:\\\/\\\/www.bestwestern-chevalblanc.com\\\/de\\\/zimmer-suiten\\\/\"]}]},{\"@type\":\"BreadcrumbList\",\"@id\":\"https:\\\/\\\/www.bestwestern-chevalblanc.com\\\/de\\\/zimmer-suiten\\\/#breadcrumb\",\"itemListElement\":[{\"@type\":\"ListItem\",\"position\":1,\"name\":\"Accueil\",\"item\":\"https:\\\/\\\/www.bestwestern-chevalblanc.com\\\/de\\\/\"},{\"@type\":\"ListItem\",\"position\":2,\"name\":\"Zimmer &amp; Suiten\"}]},{\"@type\":\"WebSite\",\"@id\":\"https:\\\/\\\/www.bestwestern-chevalblanc.com\\\/de\\\/#website\",\"url\":\"https:\\\/\\\/www.bestwestern-chevalblanc.com\\\/de\\\/\",\"name\":\"Best Western Au Cheval Blanc Mulhouse Nord\",\"description\":\"\",\"potentialAction\":[{\"@type\":\"SearchAction\",\"target\":{\"@type\":\"EntryPoint\",\"urlTemplate\":\"https:\\\/\\\/www.bestwestern-chevalblanc.com\\\/de\\\/?s={search_term_string}\"},\"query-input\":{\"@type\":\"PropertyValueSpecification\",\"valueRequired\":true,\"valueName\":\"search_term_string\"}}],\"inLanguage\":\"de-DE\"}]}<\/script>\n<!-- \/ Yoast SEO plugin. -->","yoast_head_json":{"title":"Zimmer & Suiten, Charmantes Hotel Mulhouse | H\u00f4tel Au Cheval Blanc","description":"Genie\u00dfen Sie einen angenehmen Aufenthalt in unserem 4-Sterne-Hotel in Baldersheim, Mulhouse. Wir bieten Ihnen 83 komfortable Zimmer: Einzelzimmer, Doppelzimmer, Dreibettzimmer und Suiten. Die Zimmer eignen sich ideal f\u00fcr einen Urlaubs- oder Gesch\u00e4ftsaufenthalt im Elsass.","robots":{"index":"index","follow":"follow","max-snippet":"max-snippet:-1","max-image-preview":"max-image-preview:large","max-video-preview":"max-video-preview:-1"},"canonical":"https:\/\/www.bestwestern-chevalblanc.com\/de\/zimmer-suiten\/","og_locale":"de_DE","og_type":"article","og_title":"Zimmer & Suiten, Charmantes Hotel Mulhouse | H\u00f4tel Au Cheval Blanc","og_description":"Genie\u00dfen Sie einen angenehmen Aufenthalt in unserem 4-Sterne-Hotel in Baldersheim, Mulhouse. Wir bieten Ihnen 83 komfortable Zimmer: Einzelzimmer, Doppelzimmer, Dreibettzimmer und Suiten. Die Zimmer eignen sich ideal f\u00fcr einen Urlaubs- oder Gesch\u00e4ftsaufenthalt im Elsass.","og_url":"https:\/\/www.bestwestern-chevalblanc.com\/de\/zimmer-suiten\/","og_site_name":"Best Western Au Cheval Blanc Mulhouse Nord","article_modified_time":"2023-11-29T16:58:46+00:00","twitter_card":"summary_large_image","twitter_misc":{"Gesch\u00e4tzte Lesezeit":"1 Minute"},"schema":{"@context":"https:\/\/schema.org","@graph":[{"@type":"WebPage","@id":"https:\/\/www.bestwestern-chevalblanc.com\/de\/zimmer-suiten\/","url":"https:\/\/www.bestwestern-chevalblanc.com\/de\/zimmer-suiten\/","name":"Zimmer & Suiten, Charmantes Hotel Mulhouse | H\u00f4tel Au Cheval Blanc","isPartOf":{"@id":"https:\/\/www.bestwestern-chevalblanc.com\/de\/#website"},"datePublished":"2023-06-02T14:09:53+00:00","dateModified":"2023-11-29T16:58:46+00:00","description":"Genie\u00dfen Sie einen angenehmen Aufenthalt in unserem 4-Sterne-Hotel in Baldersheim, Mulhouse. Wir bieten Ihnen 83 komfortable Zimmer: Einzelzimmer, Doppelzimmer, Dreibettzimmer und Suiten. Die Zimmer eignen sich ideal f\u00fcr einen Urlaubs- oder Gesch\u00e4ftsaufenthalt im Elsass.","breadcrumb":{"@id":"https:\/\/www.bestwestern-chevalblanc.com\/de\/zimmer-suiten\/#breadcrumb"},"inLanguage":"de-DE","potentialAction":[{"@type":"ReadAction","target":["https:\/\/www.bestwestern-chevalblanc.com\/de\/zimmer-suiten\/"]}]},{"@type":"BreadcrumbList","@id":"https:\/\/www.bestwestern-chevalblanc.com\/de\/zimmer-suiten\/#breadcrumb","itemListElement":[{"@type":"ListItem","position":1,"name":"Accueil","item":"https:\/\/www.bestwestern-chevalblanc.com\/de\/"},{"@type":"ListItem","position":2,"name":"Zimmer &amp; Suiten"}]},{"@type":"WebSite","@id":"https:\/\/www.bestwestern-chevalblanc.com\/de\/#website","url":"https:\/\/www.bestwestern-chevalblanc.com\/de\/","name":"Best Western Au Cheval Blanc Mulhouse Nord","description":"","potentialAction":[{"@type":"SearchAction","target":{"@type":"EntryPoint","urlTemplate":"https:\/\/www.bestwestern-chevalblanc.com\/de\/?s={search_term_string}"},"query-input":{"@type":"PropertyValueSpecification","valueRequired":true,"valueName":"search_term_string"}}],"inLanguage":"de-DE"}]}},"acf":[],"_links":{"self":[{"href":"https:\/\/www.bestwestern-chevalblanc.com\/de\/wp-json\/wp\/v2\/pages\/732","targetHints":{"allow":["GET"]}}],"collection":[{"href":"https:\/\/www.bestwestern-chevalblanc.com\/de\/wp-json\/wp\/v2\/pages"}],"about":[{"href":"https:\/\/www.bestwestern-chevalblanc.com\/de\/wp-json\/wp\/v2\/types\/page"}],"author":[{"embeddable":true,"href":"https:\/\/www.bestwestern-chevalblanc.com\/de\/wp-json\/wp\/v2\/users\/19"}],"replies":[{"embeddable":true,"href":"https:\/\/www.bestwestern-chevalblanc.com\/de\/wp-json\/wp\/v2\/comments?post=732"}],"version-history":[{"count":0,"href":"https:\/\/www.bestwestern-chevalblanc.com\/de\/wp-json\/wp\/v2\/pages\/732\/revisions"}],"wp:attachment":[{"href":"https:\/\/www.bestwestern-chevalblanc.com\/de\/wp-json\/wp\/v2\/media?parent=732"}],"curies":[{"name":"wp","href":"https:\/\/api.w.org\/{rel}","templated":true}]}}