{"id":734,"date":"2023-06-02T16:10:14","date_gmt":"2023-06-02T14:10:14","guid":{"rendered":"https:\/\/bw-au-cheval-blanc.ms2.decms.eu\/zimmer-suiten\/chambre-simple-standard\/"},"modified":"2024-08-21T15:51:49","modified_gmt":"2024-08-21T13:51:49","slug":"einzelzimmer","status":"publish","type":"page","link":"https:\/\/www.bestwestern-chevalblanc.com\/de\/zimmer-suiten\/einzelzimmer\/","title":{"rendered":"Einzelzimmer"},"content":{"rendered":"<p>F\u00fcr grundlegenden Komfort und die Nutzung aller Hoteldienstleistungen stehen Ihnen unsere Einzelzimmer (Einzelbett) im Hauptgeb\u00e4ude zur Verf\u00fcgung. Direkter Zugang mit dem Aufzug zum Entspannungsbereich. Paket mit Abendessen m\u00f6glich.<\/p>\n","protected":false},"excerpt":{"rendered":"<p>F\u00fcr grundlegenden Komfort und die Nutzung aller Hoteldienstleistungen stehen Ihnen unsere Einzelzimmer (Einzelbett) im Hauptgeb\u00e4ude zur Verf\u00fcgung. Direkter Zugang mit dem Aufzug zum Entspannungsbereich. Paket mit Abendessen m\u00f6glich.<\/p>\n","protected":false},"author":19,"featured_media":0,"parent":732,"menu_order":0,"comment_status":"closed","ping_status":"closed","template":"template-single-room.php","meta":{"footnotes":""},"yoast_head":"<!-- This site is optimized with the Yoast SEO plugin v22.3 - https:\/\/yoast.com\/wordpress\/plugins\/seo\/ -->\n<title>Einzelzimmer - Mulhouse Hotel, Elsass | H\u00f4tel Au Cheval Blanc<\/title>\n<meta name=\"description\" content=\"\u00dcbernachten Sie in einem Einzelzimmer in unserem H\u00f4tel Au Cheval Blanc Mulhouse und genie\u00dfen Sie unseren hochwertigen Service, unseren entspannenden Wellnessbereich und unser traditionelles Restaurant. Egal, ob Sie gesch\u00e4ftlich oder privat unterwegs sind, wir garantieren Ihnen einen angenehmen Aufenthalt.\" \/>\n<meta name=\"robots\" content=\"index, follow, max-snippet:-1, max-image-preview:large, max-video-preview:-1\" \/>\n<link rel=\"canonical\" href=\"https:\/\/www.bestwestern-chevalblanc.com\/de\/zimmer-suiten\/einzelzimmer\/\" \/>\n<meta property=\"og:locale\" content=\"de_DE\" \/>\n<meta property=\"og:type\" content=\"article\" \/>\n<meta property=\"og:title\" content=\"Einzelzimmer - Mulhouse Hotel, Elsass | H\u00f4tel Au Cheval Blanc\" \/>\n<meta property=\"og:description\" content=\"\u00dcbernachten Sie in einem Einzelzimmer in unserem H\u00f4tel Au Cheval Blanc Mulhouse und genie\u00dfen Sie unseren hochwertigen Service, unseren entspannenden Wellnessbereich und unser traditionelles Restaurant. Egal, ob Sie gesch\u00e4ftlich oder privat unterwegs sind, wir garantieren Ihnen einen angenehmen Aufenthalt.\" \/>\n<meta property=\"og:url\" content=\"https:\/\/www.bestwestern-chevalblanc.com\/de\/zimmer-suiten\/einzelzimmer\/\" \/>\n<meta property=\"og:site_name\" content=\"Best Western Au Cheval Blanc Mulhouse Nord\" \/>\n<meta property=\"article:modified_time\" content=\"2024-08-21T13:51:49+00:00\" \/>\n<meta name=\"twitter:card\" content=\"summary_large_image\" \/>\n<meta name=\"twitter:label1\" content=\"Gesch\u00e4tzte Lesezeit\" \/>\n\t<meta name=\"twitter:data1\" content=\"1 Minute\" \/>\n<script type=\"application\/ld+json\" class=\"yoast-schema-graph\">{\"@context\":\"https:\/\/schema.org\",\"@graph\":[{\"@type\":\"WebPage\",\"@id\":\"https:\/\/www.bestwestern-chevalblanc.com\/de\/zimmer-suiten\/einzelzimmer\/\",\"url\":\"https:\/\/www.bestwestern-chevalblanc.com\/de\/zimmer-suiten\/einzelzimmer\/\",\"name\":\"Einzelzimmer - Mulhouse Hotel, Elsass | H\u00f4tel Au Cheval Blanc\",\"isPartOf\":{\"@id\":\"https:\/\/www.bestwestern-chevalblanc.com\/de\/#website\"},\"datePublished\":\"2023-06-02T14:10:14+00:00\",\"dateModified\":\"2024-08-21T13:51:49+00:00\",\"description\":\"\u00dcbernachten Sie in einem Einzelzimmer in unserem H\u00f4tel Au Cheval Blanc Mulhouse und genie\u00dfen Sie unseren hochwertigen Service, unseren entspannenden Wellnessbereich und unser traditionelles Restaurant. Egal, ob Sie gesch\u00e4ftlich oder privat unterwegs sind, wir garantieren Ihnen einen angenehmen Aufenthalt.\",\"breadcrumb\":{\"@id\":\"https:\/\/www.bestwestern-chevalblanc.com\/de\/zimmer-suiten\/einzelzimmer\/#breadcrumb\"},\"inLanguage\":\"de-DE\",\"potentialAction\":[{\"@type\":\"ReadAction\",\"target\":[\"https:\/\/www.bestwestern-chevalblanc.com\/de\/zimmer-suiten\/einzelzimmer\/\"]}]},{\"@type\":\"BreadcrumbList\",\"@id\":\"https:\/\/www.bestwestern-chevalblanc.com\/de\/zimmer-suiten\/einzelzimmer\/#breadcrumb\",\"itemListElement\":[{\"@type\":\"ListItem\",\"position\":1,\"name\":\"Accueil\",\"item\":\"https:\/\/www.bestwestern-chevalblanc.com\/de\/\"},{\"@type\":\"ListItem\",\"position\":2,\"name\":\"Zimmer &amp; Suiten\",\"item\":\"https:\/\/www.bestwestern-chevalblanc.com\/de\/zimmer-suiten\/\"},{\"@type\":\"ListItem\",\"position\":3,\"name\":\"Einzelzimmer\"}]},{\"@type\":\"WebSite\",\"@id\":\"https:\/\/www.bestwestern-chevalblanc.com\/de\/#website\",\"url\":\"https:\/\/www.bestwestern-chevalblanc.com\/de\/\",\"name\":\"Best Western Au Cheval Blanc Mulhouse Nord\",\"description\":\"\",\"potentialAction\":[{\"@type\":\"SearchAction\",\"target\":{\"@type\":\"EntryPoint\",\"urlTemplate\":\"https:\/\/www.bestwestern-chevalblanc.com\/de\/?s={search_term_string}\"},\"query-input\":\"required name=search_term_string\"}],\"inLanguage\":\"de-DE\"}]}<\/script>\n<!-- \/ Yoast SEO plugin. -->","yoast_head_json":{"title":"Einzelzimmer - Mulhouse Hotel, Elsass | H\u00f4tel Au Cheval Blanc","description":"\u00dcbernachten Sie in einem Einzelzimmer in unserem H\u00f4tel Au Cheval Blanc Mulhouse und genie\u00dfen Sie unseren hochwertigen Service, unseren entspannenden Wellnessbereich und unser traditionelles Restaurant. Egal, ob Sie gesch\u00e4ftlich oder privat unterwegs sind, wir garantieren Ihnen einen angenehmen Aufenthalt.","robots":{"index":"index","follow":"follow","max-snippet":"max-snippet:-1","max-image-preview":"max-image-preview:large","max-video-preview":"max-video-preview:-1"},"canonical":"https:\/\/www.bestwestern-chevalblanc.com\/de\/zimmer-suiten\/einzelzimmer\/","og_locale":"de_DE","og_type":"article","og_title":"Einzelzimmer - Mulhouse Hotel, Elsass | H\u00f4tel Au Cheval Blanc","og_description":"\u00dcbernachten Sie in einem Einzelzimmer in unserem H\u00f4tel Au Cheval Blanc Mulhouse und genie\u00dfen Sie unseren hochwertigen Service, unseren entspannenden Wellnessbereich und unser traditionelles Restaurant. Egal, ob Sie gesch\u00e4ftlich oder privat unterwegs sind, wir garantieren Ihnen einen angenehmen Aufenthalt.","og_url":"https:\/\/www.bestwestern-chevalblanc.com\/de\/zimmer-suiten\/einzelzimmer\/","og_site_name":"Best Western Au Cheval Blanc Mulhouse Nord","article_modified_time":"2024-08-21T13:51:49+00:00","twitter_card":"summary_large_image","twitter_misc":{"Gesch\u00e4tzte Lesezeit":"1 Minute"},"schema":{"@context":"https:\/\/schema.org","@graph":[{"@type":"WebPage","@id":"https:\/\/www.bestwestern-chevalblanc.com\/de\/zimmer-suiten\/einzelzimmer\/","url":"https:\/\/www.bestwestern-chevalblanc.com\/de\/zimmer-suiten\/einzelzimmer\/","name":"Einzelzimmer - Mulhouse Hotel, Elsass | H\u00f4tel Au Cheval Blanc","isPartOf":{"@id":"https:\/\/www.bestwestern-chevalblanc.com\/de\/#website"},"datePublished":"2023-06-02T14:10:14+00:00","dateModified":"2024-08-21T13:51:49+00:00","description":"\u00dcbernachten Sie in einem Einzelzimmer in unserem H\u00f4tel Au Cheval Blanc Mulhouse und genie\u00dfen Sie unseren hochwertigen Service, unseren entspannenden Wellnessbereich und unser traditionelles Restaurant. Egal, ob Sie gesch\u00e4ftlich oder privat unterwegs sind, wir garantieren Ihnen einen angenehmen Aufenthalt.","breadcrumb":{"@id":"https:\/\/www.bestwestern-chevalblanc.com\/de\/zimmer-suiten\/einzelzimmer\/#breadcrumb"},"inLanguage":"de-DE","potentialAction":[{"@type":"ReadAction","target":["https:\/\/www.bestwestern-chevalblanc.com\/de\/zimmer-suiten\/einzelzimmer\/"]}]},{"@type":"BreadcrumbList","@id":"https:\/\/www.bestwestern-chevalblanc.com\/de\/zimmer-suiten\/einzelzimmer\/#breadcrumb","itemListElement":[{"@type":"ListItem","position":1,"name":"Accueil","item":"https:\/\/www.bestwestern-chevalblanc.com\/de\/"},{"@type":"ListItem","position":2,"name":"Zimmer &amp; Suiten","item":"https:\/\/www.bestwestern-chevalblanc.com\/de\/zimmer-suiten\/"},{"@type":"ListItem","position":3,"name":"Einzelzimmer"}]},{"@type":"WebSite","@id":"https:\/\/www.bestwestern-chevalblanc.com\/de\/#website","url":"https:\/\/www.bestwestern-chevalblanc.com\/de\/","name":"Best Western Au Cheval Blanc Mulhouse Nord","description":"","potentialAction":[{"@type":"SearchAction","target":{"@type":"EntryPoint","urlTemplate":"https:\/\/www.bestwestern-chevalblanc.com\/de\/?s={search_term_string}"},"query-input":"required name=search_term_string"}],"inLanguage":"de-DE"}]}},"acf":[],"_links":{"self":[{"href":"https:\/\/www.bestwestern-chevalblanc.com\/de\/wp-json\/wp\/v2\/pages\/734"}],"collection":[{"href":"https:\/\/www.bestwestern-chevalblanc.com\/de\/wp-json\/wp\/v2\/pages"}],"about":[{"href":"https:\/\/www.bestwestern-chevalblanc.com\/de\/wp-json\/wp\/v2\/types\/page"}],"author":[{"embeddable":true,"href":"https:\/\/www.bestwestern-chevalblanc.com\/de\/wp-json\/wp\/v2\/users\/19"}],"replies":[{"embeddable":true,"href":"https:\/\/www.bestwestern-chevalblanc.com\/de\/wp-json\/wp\/v2\/comments?post=734"}],"version-history":[{"count":0,"href":"https:\/\/www.bestwestern-chevalblanc.com\/de\/wp-json\/wp\/v2\/pages\/734\/revisions"}],"up":[{"embeddable":true,"href":"https:\/\/www.bestwestern-chevalblanc.com\/de\/wp-json\/wp\/v2\/pages\/732"}],"wp:attachment":[{"href":"https:\/\/www.bestwestern-chevalblanc.com\/de\/wp-json\/wp\/v2\/media?parent=734"}],"curies":[{"name":"wp","href":"https:\/\/api.w.org\/{rel}","templated":true}]}}