{"id":750,"date":"2023-06-02T16:09:02","date_gmt":"2023-06-02T14:09:02","guid":{"rendered":"https:\/\/bw-au-cheval-blanc.ms2.decms.eu\/contact\/"},"modified":"2023-09-21T11:24:05","modified_gmt":"2023-09-21T09:24:05","slug":"kontakt","status":"publish","type":"page","link":"https:\/\/www.bestwestern-chevalblanc.com\/de\/kontakt\/","title":{"rendered":"Kontakt"},"content":{"rendered":"<p><span style=\"font-weight: 400;\">\n                <div class='gf_browser_gecko gform_wrapper' id='gform_wrapper_3' ><form method='post' enctype='multipart\/form-data'  id='gform_3'  action='\/de\/wp-json\/wp\/v2\/pages\/750'>\n                        <div class='gform_body'><ul id='gform_fields_3' class='gform_fields top_label form_sublabel_below description_below'><li id='field_3_9'  class='gfield field_sublabel_below field_description_below gfield_visibility_visible' ><label class='gfield_label' for='input_3_9' >Vorname &amp; Familienname<\/label><div class='ginput_container ginput_container_text'><input name='input_9' id='input_3_9' type='text' value='' class='medium'      aria-invalid=\"false\" \/><\/div><\/li><li id='field_3_2'  class='gfield field_sublabel_below field_description_below gfield_visibility_visible' ><label class='gfield_label' for='input_3_2' >Telefon<\/label><div class='ginput_container ginput_container_phone'><input name='input_2' id='input_3_2' type='text' value='' class='medium'    aria-invalid=\"false\"  \/><\/div><\/li><li id='field_3_3'  class='gfield field_sublabel_below field_description_below gfield_visibility_visible' ><label class='gfield_label' for='input_3_3' >Email<\/label><div class='ginput_container ginput_container_email'>\n                            <input name='input_3' id='input_3_3' type='text' value='' class='medium'     aria-invalid=\"false\" \/>\n                        <\/div><\/li><li id='field_3_4'  class='gfield field_sublabel_below field_description_below gfield_visibility_visible' ><label class='gfield_label' for='input_3_4' >Betreff<\/label><div class='ginput_container ginput_container_text'><input name='input_4' id='input_3_4' type='text' value='' class='medium'      aria-invalid=\"false\" \/><\/div><\/li><li id='field_3_5'  class='gfield field_sublabel_below field_description_below gfield_visibility_visible' ><label class='gfield_label' for='input_3_5' >Nachricht<\/label><div class='ginput_container ginput_container_textarea'><textarea name='input_5' id='input_3_5' class='textarea medium'      aria-invalid=\"false\"   rows='10' cols='50'><\/textarea><\/div><\/li><li id='field_3_6'  class='gfield field_sublabel_below field_description_below gfield_visibility_visible' ><label class='gfield_label' for='input_3_6' ><\/label><div id='input_3_6' class='ginput_container ginput_recaptcha' data-sitekey='6LfPvWAmAAAAAIoBHhM-JNBIfY190WPo5hKZCIOD'  data-theme='light' data-tabindex='-1' data-size='invisible' data-badge='bottomright'><\/div><\/li><li id='field_3_8'  class='gfield gfield_contains_required field_sublabel_below field_description_below gfield_visibility_visible' ><label class='gfield_label'  >Datenschutzrichtlinie<span class='gfield_required'>*<\/span><\/label><div class='ginput_container ginput_container_checkbox'><ul class='gfield_checkbox' id='input_3_8'><li class='gchoice_3_8_1'>\n\t\t\t\t\t\t\t\t<input name='input_8.1' type='checkbox'  value='Ja, ich akzeptiere die Datenschutzrichtlinie.'  id='choice_3_8_1'   \/>\n\t\t\t\t\t\t\t\t<label for='choice_3_8_1' id='label_3_8_1'>Ja, ich akzeptiere die Datenschutzrichtlinie.<\/label>\n\t\t\t\t\t\t\t<\/li><\/ul><\/div><\/li><li id='field_3_10'  class='gfield gform_validation_container field_sublabel_below field_description_below gfield_visibility_visible' ><label class='gfield_label' for='input_3_10' >Email<\/label><div class='ginput_container'><input name='input_10' id='input_3_10' type='text' value='' \/><\/div><div class='gfield_description' id='gfield_description_3_10'>Dieses Feld dient zur Validierung und sollte nicht ver\u00e4ndert werden.<\/div><\/li>\n                            <\/ul><\/div>\n        <div class='gform_footer top_label'> <input type='submit' id='gform_submit_button_3' class='gform_button button' value='Senden'  onclick='if(window[\"gf_submitting_3\"]){return false;}  window[\"gf_submitting_3\"]=true;  ' onkeypress='if( event.keyCode == 13 ){ if(window[\"gf_submitting_3\"]){return false;} window[\"gf_submitting_3\"]=true;  jQuery(\"#gform_3\").trigger(\"submit\",[true]); }' \/> \n            <input type='hidden' class='gform_hidden' name='is_submit_3' value='1' \/>\n            <input type='hidden' class='gform_hidden' name='gform_submit' value='3' \/>\n            \n            <input type='hidden' class='gform_hidden' name='gform_unique_id' value='' \/>\n            <input type='hidden' class='gform_hidden' name='state_3' value='WyJbXSIsIjY3ZWNjOTcwODMwMzRmMzk1MDc2OTMyMjQyNjMyODIwIl0=' \/>\n            <input type='hidden' class='gform_hidden' name='gform_target_page_number_3' id='gform_target_page_number_3' value='0' \/>\n            <input type='hidden' class='gform_hidden' name='gform_source_page_number_3' id='gform_source_page_number_3' value='1' \/>\n            <input type='hidden' name='gform_field_values' value='' \/>\n            \n        <\/div>\n                        <\/form>\n                        <\/div><script type='text\/javascript'> jQuery(document).bind('gform_post_render', function(event, formId, currentPage){if(formId == 3) {} } );jQuery(document).bind('gform_post_conditional_logic', function(event, formId, fields, isInit){} );<\/script><script type='text\/javascript'> jQuery(document).ready(function(){jQuery(document).trigger('gform_post_render', [3, 1]) } ); <\/script><\/span><\/p>\n","protected":false},"excerpt":{"rendered":"","protected":false},"author":19,"featured_media":0,"parent":0,"menu_order":0,"comment_status":"closed","ping_status":"closed","template":"template-contacts.php","meta":{"footnotes":""},"yoast_head":"<!-- This site is optimized with the Yoast SEO plugin v22.3 - https:\/\/yoast.com\/wordpress\/plugins\/seo\/ -->\n<title>Kontakt | H\u00f4tel Au Cheval Blanc Mulhouse<\/title>\n<meta name=\"description\" content=\"M\u00f6chten Sie weitere Informationen \u00fcber die Buchung eines Aufenthalts im H\u00f4tel Au Cheval Blanc Mulhouse? Sie k\u00f6nnen uns per Telefon unter der Nummer +33 (0)3 89 45 45 44 oder per E-Mail unter reservation@hotel-cheval-blanc.com erreichen.\" \/>\n<meta name=\"robots\" content=\"index, follow, max-snippet:-1, max-image-preview:large, max-video-preview:-1\" \/>\n<link rel=\"canonical\" href=\"https:\/\/www.bestwestern-chevalblanc.com\/de\/kontakt\/\" \/>\n<meta property=\"og:locale\" content=\"de_DE\" \/>\n<meta property=\"og:type\" content=\"article\" \/>\n<meta property=\"og:title\" content=\"Kontakt | H\u00f4tel Au Cheval Blanc Mulhouse\" \/>\n<meta property=\"og:description\" content=\"M\u00f6chten Sie weitere Informationen \u00fcber die Buchung eines Aufenthalts im H\u00f4tel Au Cheval Blanc Mulhouse? Sie k\u00f6nnen uns per Telefon unter der Nummer +33 (0)3 89 45 45 44 oder per E-Mail unter reservation@hotel-cheval-blanc.com erreichen.\" \/>\n<meta property=\"og:url\" content=\"https:\/\/www.bestwestern-chevalblanc.com\/de\/kontakt\/\" \/>\n<meta property=\"og:site_name\" content=\"Best Western Au Cheval Blanc Mulhouse Nord\" \/>\n<meta property=\"article:modified_time\" content=\"2023-09-21T09:24:05+00:00\" \/>\n<meta name=\"twitter:card\" content=\"summary_large_image\" \/>\n<script type=\"application\/ld+json\" class=\"yoast-schema-graph\">{\"@context\":\"https:\/\/schema.org\",\"@graph\":[{\"@type\":\"WebPage\",\"@id\":\"https:\/\/www.bestwestern-chevalblanc.com\/de\/kontakt\/\",\"url\":\"https:\/\/www.bestwestern-chevalblanc.com\/de\/kontakt\/\",\"name\":\"Kontakt | H\u00f4tel Au Cheval Blanc Mulhouse\",\"isPartOf\":{\"@id\":\"https:\/\/www.bestwestern-chevalblanc.com\/de\/#website\"},\"datePublished\":\"2023-06-02T14:09:02+00:00\",\"dateModified\":\"2023-09-21T09:24:05+00:00\",\"description\":\"M\u00f6chten Sie weitere Informationen \u00fcber die Buchung eines Aufenthalts im H\u00f4tel Au Cheval Blanc Mulhouse? Sie k\u00f6nnen uns per Telefon unter der Nummer +33 (0)3 89 45 45 44 oder per E-Mail unter reservation@hotel-cheval-blanc.com erreichen.\",\"breadcrumb\":{\"@id\":\"https:\/\/www.bestwestern-chevalblanc.com\/de\/kontakt\/#breadcrumb\"},\"inLanguage\":\"de-DE\",\"potentialAction\":[{\"@type\":\"ReadAction\",\"target\":[\"https:\/\/www.bestwestern-chevalblanc.com\/de\/kontakt\/\"]}]},{\"@type\":\"BreadcrumbList\",\"@id\":\"https:\/\/www.bestwestern-chevalblanc.com\/de\/kontakt\/#breadcrumb\",\"itemListElement\":[{\"@type\":\"ListItem\",\"position\":1,\"name\":\"Accueil\",\"item\":\"https:\/\/www.bestwestern-chevalblanc.com\/de\/\"},{\"@type\":\"ListItem\",\"position\":2,\"name\":\"Kontakt\"}]},{\"@type\":\"WebSite\",\"@id\":\"https:\/\/www.bestwestern-chevalblanc.com\/de\/#website\",\"url\":\"https:\/\/www.bestwestern-chevalblanc.com\/de\/\",\"name\":\"Best Western Au Cheval Blanc Mulhouse Nord\",\"description\":\"\",\"potentialAction\":[{\"@type\":\"SearchAction\",\"target\":{\"@type\":\"EntryPoint\",\"urlTemplate\":\"https:\/\/www.bestwestern-chevalblanc.com\/de\/?s={search_term_string}\"},\"query-input\":\"required name=search_term_string\"}],\"inLanguage\":\"de-DE\"}]}<\/script>\n<!-- \/ Yoast SEO plugin. -->","yoast_head_json":{"title":"Kontakt | H\u00f4tel Au Cheval Blanc Mulhouse","description":"M\u00f6chten Sie weitere Informationen \u00fcber die Buchung eines Aufenthalts im H\u00f4tel Au Cheval Blanc Mulhouse? Sie k\u00f6nnen uns per Telefon unter der Nummer +33 (0)3 89 45 45 44 oder per E-Mail unter reservation@hotel-cheval-blanc.com erreichen.","robots":{"index":"index","follow":"follow","max-snippet":"max-snippet:-1","max-image-preview":"max-image-preview:large","max-video-preview":"max-video-preview:-1"},"canonical":"https:\/\/www.bestwestern-chevalblanc.com\/de\/kontakt\/","og_locale":"de_DE","og_type":"article","og_title":"Kontakt | H\u00f4tel Au Cheval Blanc Mulhouse","og_description":"M\u00f6chten Sie weitere Informationen \u00fcber die Buchung eines Aufenthalts im H\u00f4tel Au Cheval Blanc Mulhouse? Sie k\u00f6nnen uns per Telefon unter der Nummer +33 (0)3 89 45 45 44 oder per E-Mail unter reservation@hotel-cheval-blanc.com erreichen.","og_url":"https:\/\/www.bestwestern-chevalblanc.com\/de\/kontakt\/","og_site_name":"Best Western Au Cheval Blanc Mulhouse Nord","article_modified_time":"2023-09-21T09:24:05+00:00","twitter_card":"summary_large_image","schema":{"@context":"https:\/\/schema.org","@graph":[{"@type":"WebPage","@id":"https:\/\/www.bestwestern-chevalblanc.com\/de\/kontakt\/","url":"https:\/\/www.bestwestern-chevalblanc.com\/de\/kontakt\/","name":"Kontakt | H\u00f4tel Au Cheval Blanc Mulhouse","isPartOf":{"@id":"https:\/\/www.bestwestern-chevalblanc.com\/de\/#website"},"datePublished":"2023-06-02T14:09:02+00:00","dateModified":"2023-09-21T09:24:05+00:00","description":"M\u00f6chten Sie weitere Informationen \u00fcber die Buchung eines Aufenthalts im H\u00f4tel Au Cheval Blanc Mulhouse? Sie k\u00f6nnen uns per Telefon unter der Nummer +33 (0)3 89 45 45 44 oder per E-Mail unter reservation@hotel-cheval-blanc.com erreichen.","breadcrumb":{"@id":"https:\/\/www.bestwestern-chevalblanc.com\/de\/kontakt\/#breadcrumb"},"inLanguage":"de-DE","potentialAction":[{"@type":"ReadAction","target":["https:\/\/www.bestwestern-chevalblanc.com\/de\/kontakt\/"]}]},{"@type":"BreadcrumbList","@id":"https:\/\/www.bestwestern-chevalblanc.com\/de\/kontakt\/#breadcrumb","itemListElement":[{"@type":"ListItem","position":1,"name":"Accueil","item":"https:\/\/www.bestwestern-chevalblanc.com\/de\/"},{"@type":"ListItem","position":2,"name":"Kontakt"}]},{"@type":"WebSite","@id":"https:\/\/www.bestwestern-chevalblanc.com\/de\/#website","url":"https:\/\/www.bestwestern-chevalblanc.com\/de\/","name":"Best Western Au Cheval Blanc Mulhouse Nord","description":"","potentialAction":[{"@type":"SearchAction","target":{"@type":"EntryPoint","urlTemplate":"https:\/\/www.bestwestern-chevalblanc.com\/de\/?s={search_term_string}"},"query-input":"required name=search_term_string"}],"inLanguage":"de-DE"}]}},"acf":[],"_links":{"self":[{"href":"https:\/\/www.bestwestern-chevalblanc.com\/de\/wp-json\/wp\/v2\/pages\/750"}],"collection":[{"href":"https:\/\/www.bestwestern-chevalblanc.com\/de\/wp-json\/wp\/v2\/pages"}],"about":[{"href":"https:\/\/www.bestwestern-chevalblanc.com\/de\/wp-json\/wp\/v2\/types\/page"}],"author":[{"embeddable":true,"href":"https:\/\/www.bestwestern-chevalblanc.com\/de\/wp-json\/wp\/v2\/users\/19"}],"replies":[{"embeddable":true,"href":"https:\/\/www.bestwestern-chevalblanc.com\/de\/wp-json\/wp\/v2\/comments?post=750"}],"version-history":[{"count":0,"href":"https:\/\/www.bestwestern-chevalblanc.com\/de\/wp-json\/wp\/v2\/pages\/750\/revisions"}],"wp:attachment":[{"href":"https:\/\/www.bestwestern-chevalblanc.com\/de\/wp-json\/wp\/v2\/media?parent=750"}],"curies":[{"name":"wp","href":"https:\/\/api.w.org\/{rel}","templated":true}]}}