{"id":751,"date":"2023-06-02T16:11:55","date_gmt":"2023-06-02T14:11:55","guid":{"rendered":"https:\/\/bw-au-cheval-blanc.ms2.decms.eu\/galerie\/"},"modified":"2023-09-21T14:46:18","modified_gmt":"2023-09-21T12:46:18","slug":"bildergalerie","status":"publish","type":"page","link":"https:\/\/www.bestwestern-chevalblanc.com\/de\/bildergalerie\/","title":{"rendered":"Bildergalerie"},"content":{"rendered":"","protected":false},"excerpt":{"rendered":"","protected":false},"author":19,"featured_media":0,"parent":0,"menu_order":0,"comment_status":"closed","ping_status":"closed","template":"template-gallery.php","meta":{"footnotes":""},"yoast_head":"<!-- This site is optimized with the Yoast SEO plugin v22.3 - https:\/\/yoast.com\/wordpress\/plugins\/seo\/ -->\n<title>Galerie photo | H\u00f4tel Au Cheval Blanc Mulhouse<\/title>\n<meta name=\"description\" content=\"Faites le tour de l&#039;H\u00f4tel Au Cheval Blanc \u00e0 Baldersheim pr\u00e8s de Mulhouse en photos, et anticipez votre prochain s\u00e9jour. D\u00e9couvrez son restaurant, son bar, ses chambres, son espace d\u00e9tente et sa piscine int\u00e9rieure.\" \/>\n<meta name=\"robots\" content=\"index, follow, max-snippet:-1, max-image-preview:large, max-video-preview:-1\" \/>\n<link rel=\"canonical\" href=\"https:\/\/www.bestwestern-chevalblanc.com\/de\/bildergalerie\/\" \/>\n<meta property=\"og:locale\" content=\"de_DE\" \/>\n<meta property=\"og:type\" content=\"article\" \/>\n<meta property=\"og:title\" content=\"Galerie photo | H\u00f4tel Au Cheval Blanc Mulhouse\" \/>\n<meta property=\"og:description\" content=\"Faites le tour de l&#039;H\u00f4tel Au Cheval Blanc \u00e0 Baldersheim pr\u00e8s de Mulhouse en photos, et anticipez votre prochain s\u00e9jour. D\u00e9couvrez son restaurant, son bar, ses chambres, son espace d\u00e9tente et sa piscine int\u00e9rieure.\" \/>\n<meta property=\"og:url\" content=\"https:\/\/www.bestwestern-chevalblanc.com\/de\/bildergalerie\/\" \/>\n<meta property=\"og:site_name\" content=\"Best Western Au Cheval Blanc Mulhouse Nord\" \/>\n<meta property=\"article:modified_time\" content=\"2023-09-21T12:46:18+00:00\" \/>\n<meta name=\"twitter:card\" content=\"summary_large_image\" \/>\n<script type=\"application\/ld+json\" class=\"yoast-schema-graph\">{\"@context\":\"https:\/\/schema.org\",\"@graph\":[{\"@type\":\"WebPage\",\"@id\":\"https:\/\/www.bestwestern-chevalblanc.com\/de\/bildergalerie\/\",\"url\":\"https:\/\/www.bestwestern-chevalblanc.com\/de\/bildergalerie\/\",\"name\":\"Galerie photo | H\u00f4tel Au Cheval Blanc Mulhouse\",\"isPartOf\":{\"@id\":\"https:\/\/www.bestwestern-chevalblanc.com\/de\/#website\"},\"datePublished\":\"2023-06-02T14:11:55+00:00\",\"dateModified\":\"2023-09-21T12:46:18+00:00\",\"description\":\"Faites le tour de l'H\u00f4tel Au Cheval Blanc \u00e0 Baldersheim pr\u00e8s de Mulhouse en photos, et anticipez votre prochain s\u00e9jour. D\u00e9couvrez son restaurant, son bar, ses chambres, son espace d\u00e9tente et sa piscine int\u00e9rieure.\",\"breadcrumb\":{\"@id\":\"https:\/\/www.bestwestern-chevalblanc.com\/de\/bildergalerie\/#breadcrumb\"},\"inLanguage\":\"de-DE\",\"potentialAction\":[{\"@type\":\"ReadAction\",\"target\":[\"https:\/\/www.bestwestern-chevalblanc.com\/de\/bildergalerie\/\"]}]},{\"@type\":\"BreadcrumbList\",\"@id\":\"https:\/\/www.bestwestern-chevalblanc.com\/de\/bildergalerie\/#breadcrumb\",\"itemListElement\":[{\"@type\":\"ListItem\",\"position\":1,\"name\":\"Accueil\",\"item\":\"https:\/\/www.bestwestern-chevalblanc.com\/de\/\"},{\"@type\":\"ListItem\",\"position\":2,\"name\":\"Bildergalerie\"}]},{\"@type\":\"WebSite\",\"@id\":\"https:\/\/www.bestwestern-chevalblanc.com\/de\/#website\",\"url\":\"https:\/\/www.bestwestern-chevalblanc.com\/de\/\",\"name\":\"Best Western Au Cheval Blanc Mulhouse Nord\",\"description\":\"\",\"potentialAction\":[{\"@type\":\"SearchAction\",\"target\":{\"@type\":\"EntryPoint\",\"urlTemplate\":\"https:\/\/www.bestwestern-chevalblanc.com\/de\/?s={search_term_string}\"},\"query-input\":\"required name=search_term_string\"}],\"inLanguage\":\"de-DE\"}]}<\/script>\n<!-- \/ Yoast SEO plugin. -->","yoast_head_json":{"title":"Galerie photo | H\u00f4tel Au Cheval Blanc Mulhouse","description":"Faites le tour de l'H\u00f4tel Au Cheval Blanc \u00e0 Baldersheim pr\u00e8s de Mulhouse en photos, et anticipez votre prochain s\u00e9jour. D\u00e9couvrez son restaurant, son bar, ses chambres, son espace d\u00e9tente et sa piscine int\u00e9rieure.","robots":{"index":"index","follow":"follow","max-snippet":"max-snippet:-1","max-image-preview":"max-image-preview:large","max-video-preview":"max-video-preview:-1"},"canonical":"https:\/\/www.bestwestern-chevalblanc.com\/de\/bildergalerie\/","og_locale":"de_DE","og_type":"article","og_title":"Galerie photo | H\u00f4tel Au Cheval Blanc Mulhouse","og_description":"Faites le tour de l'H\u00f4tel Au Cheval Blanc \u00e0 Baldersheim pr\u00e8s de Mulhouse en photos, et anticipez votre prochain s\u00e9jour. D\u00e9couvrez son restaurant, son bar, ses chambres, son espace d\u00e9tente et sa piscine int\u00e9rieure.","og_url":"https:\/\/www.bestwestern-chevalblanc.com\/de\/bildergalerie\/","og_site_name":"Best Western Au Cheval Blanc Mulhouse Nord","article_modified_time":"2023-09-21T12:46:18+00:00","twitter_card":"summary_large_image","schema":{"@context":"https:\/\/schema.org","@graph":[{"@type":"WebPage","@id":"https:\/\/www.bestwestern-chevalblanc.com\/de\/bildergalerie\/","url":"https:\/\/www.bestwestern-chevalblanc.com\/de\/bildergalerie\/","name":"Galerie photo | H\u00f4tel Au Cheval Blanc Mulhouse","isPartOf":{"@id":"https:\/\/www.bestwestern-chevalblanc.com\/de\/#website"},"datePublished":"2023-06-02T14:11:55+00:00","dateModified":"2023-09-21T12:46:18+00:00","description":"Faites le tour de l'H\u00f4tel Au Cheval Blanc \u00e0 Baldersheim pr\u00e8s de Mulhouse en photos, et anticipez votre prochain s\u00e9jour. D\u00e9couvrez son restaurant, son bar, ses chambres, son espace d\u00e9tente et sa piscine int\u00e9rieure.","breadcrumb":{"@id":"https:\/\/www.bestwestern-chevalblanc.com\/de\/bildergalerie\/#breadcrumb"},"inLanguage":"de-DE","potentialAction":[{"@type":"ReadAction","target":["https:\/\/www.bestwestern-chevalblanc.com\/de\/bildergalerie\/"]}]},{"@type":"BreadcrumbList","@id":"https:\/\/www.bestwestern-chevalblanc.com\/de\/bildergalerie\/#breadcrumb","itemListElement":[{"@type":"ListItem","position":1,"name":"Accueil","item":"https:\/\/www.bestwestern-chevalblanc.com\/de\/"},{"@type":"ListItem","position":2,"name":"Bildergalerie"}]},{"@type":"WebSite","@id":"https:\/\/www.bestwestern-chevalblanc.com\/de\/#website","url":"https:\/\/www.bestwestern-chevalblanc.com\/de\/","name":"Best Western Au Cheval Blanc Mulhouse Nord","description":"","potentialAction":[{"@type":"SearchAction","target":{"@type":"EntryPoint","urlTemplate":"https:\/\/www.bestwestern-chevalblanc.com\/de\/?s={search_term_string}"},"query-input":"required name=search_term_string"}],"inLanguage":"de-DE"}]}},"acf":[],"_links":{"self":[{"href":"https:\/\/www.bestwestern-chevalblanc.com\/de\/wp-json\/wp\/v2\/pages\/751"}],"collection":[{"href":"https:\/\/www.bestwestern-chevalblanc.com\/de\/wp-json\/wp\/v2\/pages"}],"about":[{"href":"https:\/\/www.bestwestern-chevalblanc.com\/de\/wp-json\/wp\/v2\/types\/page"}],"author":[{"embeddable":true,"href":"https:\/\/www.bestwestern-chevalblanc.com\/de\/wp-json\/wp\/v2\/users\/19"}],"replies":[{"embeddable":true,"href":"https:\/\/www.bestwestern-chevalblanc.com\/de\/wp-json\/wp\/v2\/comments?post=751"}],"version-history":[{"count":0,"href":"https:\/\/www.bestwestern-chevalblanc.com\/de\/wp-json\/wp\/v2\/pages\/751\/revisions"}],"wp:attachment":[{"href":"https:\/\/www.bestwestern-chevalblanc.com\/de\/wp-json\/wp\/v2\/media?parent=751"}],"curies":[{"name":"wp","href":"https:\/\/api.w.org\/{rel}","templated":true}]}}