{"id":764,"date":"2023-08-23T09:03:28","date_gmt":"2023-08-23T07:03:28","guid":{"rendered":"https:\/\/bw-au-cheval-blanc.ms2.decms.eu\/angebote\/sejour-music-hall-paradis-des-sources-soulzmatt\/"},"modified":"2026-03-26T16:38:15","modified_gmt":"2026-03-26T15:38:15","slug":"sejour-music-hall-paradis-des-sources-soulzmatt","status":"publish","type":"page","link":"https:\/\/www.bestwestern-chevalblanc.com\/de\/angebote\/sejour-music-hall-paradis-des-sources-soulzmatt\/","title":{"rendered":"S\u00e9jour music hall Paradis des sources Soulzmatt"},"content":{"rendered":"<p><strong>Votre pack comprend :<\/strong><\/p>\n<ul>\n<li>1 nuit avec petits-d\u00e9jeuners \u00e0 l\u2019h\u00f4tel **** Best Western Plus Au Cheval Blanc<\/li>\n<li>2 cocktails de bienvenue\u00a0servies dans le salon de l\u2019h\u00f4tel<\/li>\n<li>Acc\u00e8s Espace D\u00e9tente de l\u2019h\u00f4tel (piscine, sauna, jacuzzi, hamam, fitness)<\/li>\n<li>D\u00eener Spectacle au Music Hall du Paradis des Sources \u00e0 Soultzmatt (hors boissons)<\/li>\n<\/ul>\n","protected":false},"excerpt":{"rendered":"<p>Votre pack comprend : 1 nuit avec petits-d\u00e9jeuners \u00e0 l\u2019h\u00f4tel **** Best Western Plus Au Cheval Blanc 2 cocktails de bienvenue\u00a0servies dans le salon de l\u2019h\u00f4tel Acc\u00e8s Espace D\u00e9tente de l\u2019h\u00f4tel (piscine, sauna, jacuzzi, hamam, fitness) D\u00eener Spectacle au Music Hall du Paradis des Sources \u00e0 Soultzmatt (hors boissons)<\/p>\n","protected":false},"author":19,"featured_media":0,"parent":758,"menu_order":0,"comment_status":"closed","ping_status":"closed","template":"template-single-offer.php","meta":{"footnotes":""},"class_list":["post-764","page","type-page","status-publish","hentry"],"yoast_head":"<!-- This site is optimized with the Yoast SEO plugin v27.3 - https:\/\/yoast.com\/product\/yoast-seo-wordpress\/ -->\n<title>S\u00e9jour music hall Paradis des sources Soulzmatt - Best Western Au Cheval Blanc Mulhouse Nord<\/title>\n<meta name=\"robots\" content=\"index, follow, max-snippet:-1, max-image-preview:large, max-video-preview:-1\" \/>\n<link rel=\"canonical\" href=\"https:\/\/www.bestwestern-chevalblanc.com\/de\/angebote\/sejour-music-hall-paradis-des-sources-soulzmatt\/\" \/>\n<meta property=\"og:locale\" content=\"de_DE\" \/>\n<meta property=\"og:type\" content=\"article\" \/>\n<meta property=\"og:title\" content=\"S\u00e9jour music hall Paradis des sources Soulzmatt - Best Western Au Cheval Blanc Mulhouse Nord\" \/>\n<meta property=\"og:description\" content=\"Votre pack comprend : 1 nuit avec petits-d\u00e9jeuners \u00e0 l\u2019h\u00f4tel **** Best Western Plus Au Cheval Blanc 2 cocktails de bienvenue\u00a0servies dans le salon de l\u2019h\u00f4tel Acc\u00e8s Espace D\u00e9tente de l\u2019h\u00f4tel (piscine, sauna, jacuzzi, hamam, fitness) D\u00eener Spectacle au Music Hall du Paradis des Sources \u00e0 Soultzmatt (hors boissons)\" \/>\n<meta property=\"og:url\" content=\"https:\/\/www.bestwestern-chevalblanc.com\/de\/angebote\/sejour-music-hall-paradis-des-sources-soulzmatt\/\" \/>\n<meta property=\"og:site_name\" content=\"Best Western Au Cheval Blanc Mulhouse Nord\" \/>\n<meta property=\"article:modified_time\" content=\"2026-03-26T15:38:15+00:00\" \/>\n<meta name=\"twitter:card\" content=\"summary_large_image\" \/>\n<script type=\"application\/ld+json\" class=\"yoast-schema-graph\">{\"@context\":\"https:\\\/\\\/schema.org\",\"@graph\":[{\"@type\":\"WebPage\",\"@id\":\"https:\\\/\\\/www.bestwestern-chevalblanc.com\\\/de\\\/angebote\\\/sejour-music-hall-paradis-des-sources-soulzmatt\\\/\",\"url\":\"https:\\\/\\\/www.bestwestern-chevalblanc.com\\\/de\\\/angebote\\\/sejour-music-hall-paradis-des-sources-soulzmatt\\\/\",\"name\":\"S\u00e9jour music hall Paradis des sources Soulzmatt - Best Western Au Cheval Blanc Mulhouse Nord\",\"isPartOf\":{\"@id\":\"https:\\\/\\\/www.bestwestern-chevalblanc.com\\\/de\\\/#website\"},\"datePublished\":\"2023-08-23T07:03:28+00:00\",\"dateModified\":\"2026-03-26T15:38:15+00:00\",\"breadcrumb\":{\"@id\":\"https:\\\/\\\/www.bestwestern-chevalblanc.com\\\/de\\\/angebote\\\/sejour-music-hall-paradis-des-sources-soulzmatt\\\/#breadcrumb\"},\"inLanguage\":\"de-DE\",\"potentialAction\":[{\"@type\":\"ReadAction\",\"target\":[\"https:\\\/\\\/www.bestwestern-chevalblanc.com\\\/de\\\/angebote\\\/sejour-music-hall-paradis-des-sources-soulzmatt\\\/\"]}]},{\"@type\":\"BreadcrumbList\",\"@id\":\"https:\\\/\\\/www.bestwestern-chevalblanc.com\\\/de\\\/angebote\\\/sejour-music-hall-paradis-des-sources-soulzmatt\\\/#breadcrumb\",\"itemListElement\":[{\"@type\":\"ListItem\",\"position\":1,\"name\":\"Accueil\",\"item\":\"https:\\\/\\\/www.bestwestern-chevalblanc.com\\\/de\\\/\"},{\"@type\":\"ListItem\",\"position\":2,\"name\":\"Angebote\",\"item\":\"https:\\\/\\\/www.bestwestern-chevalblanc.com\\\/de\\\/angebote\\\/\"},{\"@type\":\"ListItem\",\"position\":3,\"name\":\"S\u00e9jour music hall Paradis des sources Soulzmatt\"}]},{\"@type\":\"WebSite\",\"@id\":\"https:\\\/\\\/www.bestwestern-chevalblanc.com\\\/de\\\/#website\",\"url\":\"https:\\\/\\\/www.bestwestern-chevalblanc.com\\\/de\\\/\",\"name\":\"Best Western Au Cheval Blanc Mulhouse Nord\",\"description\":\"\",\"potentialAction\":[{\"@type\":\"SearchAction\",\"target\":{\"@type\":\"EntryPoint\",\"urlTemplate\":\"https:\\\/\\\/www.bestwestern-chevalblanc.com\\\/de\\\/?s={search_term_string}\"},\"query-input\":{\"@type\":\"PropertyValueSpecification\",\"valueRequired\":true,\"valueName\":\"search_term_string\"}}],\"inLanguage\":\"de-DE\"}]}<\/script>\n<!-- \/ Yoast SEO plugin. -->","yoast_head_json":{"title":"S\u00e9jour music hall Paradis des sources Soulzmatt - Best Western Au Cheval Blanc Mulhouse Nord","robots":{"index":"index","follow":"follow","max-snippet":"max-snippet:-1","max-image-preview":"max-image-preview:large","max-video-preview":"max-video-preview:-1"},"canonical":"https:\/\/www.bestwestern-chevalblanc.com\/de\/angebote\/sejour-music-hall-paradis-des-sources-soulzmatt\/","og_locale":"de_DE","og_type":"article","og_title":"S\u00e9jour music hall Paradis des sources Soulzmatt - Best Western Au Cheval Blanc Mulhouse Nord","og_description":"Votre pack comprend : 1 nuit avec petits-d\u00e9jeuners \u00e0 l\u2019h\u00f4tel **** Best Western Plus Au Cheval Blanc 2 cocktails de bienvenue\u00a0servies dans le salon de l\u2019h\u00f4tel Acc\u00e8s Espace D\u00e9tente de l\u2019h\u00f4tel (piscine, sauna, jacuzzi, hamam, fitness) D\u00eener Spectacle au Music Hall du Paradis des Sources \u00e0 Soultzmatt (hors boissons)","og_url":"https:\/\/www.bestwestern-chevalblanc.com\/de\/angebote\/sejour-music-hall-paradis-des-sources-soulzmatt\/","og_site_name":"Best Western Au Cheval Blanc Mulhouse Nord","article_modified_time":"2026-03-26T15:38:15+00:00","twitter_card":"summary_large_image","schema":{"@context":"https:\/\/schema.org","@graph":[{"@type":"WebPage","@id":"https:\/\/www.bestwestern-chevalblanc.com\/de\/angebote\/sejour-music-hall-paradis-des-sources-soulzmatt\/","url":"https:\/\/www.bestwestern-chevalblanc.com\/de\/angebote\/sejour-music-hall-paradis-des-sources-soulzmatt\/","name":"S\u00e9jour music hall Paradis des sources Soulzmatt - Best Western Au Cheval Blanc Mulhouse Nord","isPartOf":{"@id":"https:\/\/www.bestwestern-chevalblanc.com\/de\/#website"},"datePublished":"2023-08-23T07:03:28+00:00","dateModified":"2026-03-26T15:38:15+00:00","breadcrumb":{"@id":"https:\/\/www.bestwestern-chevalblanc.com\/de\/angebote\/sejour-music-hall-paradis-des-sources-soulzmatt\/#breadcrumb"},"inLanguage":"de-DE","potentialAction":[{"@type":"ReadAction","target":["https:\/\/www.bestwestern-chevalblanc.com\/de\/angebote\/sejour-music-hall-paradis-des-sources-soulzmatt\/"]}]},{"@type":"BreadcrumbList","@id":"https:\/\/www.bestwestern-chevalblanc.com\/de\/angebote\/sejour-music-hall-paradis-des-sources-soulzmatt\/#breadcrumb","itemListElement":[{"@type":"ListItem","position":1,"name":"Accueil","item":"https:\/\/www.bestwestern-chevalblanc.com\/de\/"},{"@type":"ListItem","position":2,"name":"Angebote","item":"https:\/\/www.bestwestern-chevalblanc.com\/de\/angebote\/"},{"@type":"ListItem","position":3,"name":"S\u00e9jour music hall Paradis des sources Soulzmatt"}]},{"@type":"WebSite","@id":"https:\/\/www.bestwestern-chevalblanc.com\/de\/#website","url":"https:\/\/www.bestwestern-chevalblanc.com\/de\/","name":"Best Western Au Cheval Blanc Mulhouse Nord","description":"","potentialAction":[{"@type":"SearchAction","target":{"@type":"EntryPoint","urlTemplate":"https:\/\/www.bestwestern-chevalblanc.com\/de\/?s={search_term_string}"},"query-input":{"@type":"PropertyValueSpecification","valueRequired":true,"valueName":"search_term_string"}}],"inLanguage":"de-DE"}]}},"acf":[],"_links":{"self":[{"href":"https:\/\/www.bestwestern-chevalblanc.com\/de\/wp-json\/wp\/v2\/pages\/764","targetHints":{"allow":["GET"]}}],"collection":[{"href":"https:\/\/www.bestwestern-chevalblanc.com\/de\/wp-json\/wp\/v2\/pages"}],"about":[{"href":"https:\/\/www.bestwestern-chevalblanc.com\/de\/wp-json\/wp\/v2\/types\/page"}],"author":[{"embeddable":true,"href":"https:\/\/www.bestwestern-chevalblanc.com\/de\/wp-json\/wp\/v2\/users\/19"}],"replies":[{"embeddable":true,"href":"https:\/\/www.bestwestern-chevalblanc.com\/de\/wp-json\/wp\/v2\/comments?post=764"}],"version-history":[{"count":0,"href":"https:\/\/www.bestwestern-chevalblanc.com\/de\/wp-json\/wp\/v2\/pages\/764\/revisions"}],"up":[{"embeddable":true,"href":"https:\/\/www.bestwestern-chevalblanc.com\/de\/wp-json\/wp\/v2\/pages\/758"}],"wp:attachment":[{"href":"https:\/\/www.bestwestern-chevalblanc.com\/de\/wp-json\/wp\/v2\/media?parent=764"}],"curies":[{"name":"wp","href":"https:\/\/api.w.org\/{rel}","templated":true}]}}