{"id":766,"date":"2023-06-02T16:10:47","date_gmt":"2023-06-02T14:10:47","guid":{"rendered":"https:\/\/bw-au-cheval-blanc.ms2.decms.eu\/restaurant\/"},"modified":"2024-08-12T16:21:00","modified_gmt":"2024-08-12T14:21:00","slug":"restaurant","status":"publish","type":"page","link":"https:\/\/www.bestwestern-chevalblanc.com\/de\/restaurant\/","title":{"rendered":"Restaurant"},"content":{"rendered":"<p style=\"text-align: center\">Das Restaurant tr\u00e4gt die Auszeichnung \u201eMa\u00eetre Restaurateur\u201c und bietet seinen G\u00e4sten eine saisonale<br \/>\nK\u00fcche an, die \u00fcberwiegend auf lokalen frischen Produkten basiert. Unser Chef kreiert Gerichte, die die<br \/>\nWurzeln der els\u00e4ssischen K\u00fcche widerspiegeln: Sauerkraut, Cordon Bleu, Nieren und vieles mehr.<br \/>\nAuch Lowcarb Gerichte sowie vegane Gerichte werden serviert. Probieren Sie unter unseren<br \/>\nSpezialit\u00e4ten den ber\u00fchmten gebratenen Karpfen, eine sehr ber\u00fchmte Spezialit\u00e4t aus dem Sundgau,<br \/>\ndem s\u00fcdlichen Elsass. Auch unser Lachs wird in unserer traditionellen R\u00e4ucherei mit Holz ger\u00e4uchert<br \/>\nund die Brioche zur G\u00e4nseleberpastete wird von unserem Konditor zubereitet. Alle lokalen Produkte<br \/>\nstammen von nahegelegenen Erzeugern, wie Krautegersheimer Sauerkraut, Eier, Friesenkarpfen &#8230;<br \/>\nIm Rhythmus der Jahreszeiten erfreuen wir mit einer frischen K\u00fcche Ihren Gaumen, mit<br \/>\nFr\u00fchlingsspargel, gefolgt von Erdbeeren und Obst im Sommer. Im Herbst stehen Pilze und Wild auf<\/p>\n<p style=\"text-align: center\">der Tafel, w\u00e4hrend im Dezember weitere Winterspezialit\u00e4ten kredenzt werden. Probieren Sie den<br \/>\nber\u00fchmten Bredele (Kekse), oder Kastanienfackeln sowie die Variationen von G\u00e4nseleberpastete &#8230;<br \/>\nF\u00fcr harmonische Essens- und Weinkombinationen r\u00e4umt die Weinkarte den lokalen Weinen den<br \/>\nEhrenplatz ein: Elsass, Riesling, Pinot Noir, Gew\u00fcrztraminer, Muscat, Cr\u00e9mant, Sylvaner,<br \/>\nEdelzwicker&#8230;Entdecken Sie auch els\u00e4ssische Aperitifs wie Cynar, Picon, Amer&#8230;<\/p>\n<p style=\"text-align: center\">Das gesamte Team<br \/>\nvon \u201eCheval Blanc Baldersheim\u201c bei Mulhouse w\u00fcnscht Ihnen eine gute Verkostung!<\/p>\n<p style=\"text-align: center\"><strong>Restaurant 7\/7 mittags und abends ge\u00f6ffnet.<\/strong><\/p>\n<p style=\"text-align: center\"><strong>Au\u00dfergew\u00f6hnliche Schlie\u00dfung: jeden Mittag im August 2024<\/strong><\/p>\n","protected":false},"excerpt":{"rendered":"<p>Das Restaurant tr\u00e4gt die Auszeichnung \u201eMa\u00eetre Restaurateur\u201c und bietet seinen G\u00e4sten eine saisonale K\u00fcche an, die \u00fcberwiegend auf lokalen frischen Produkten basiert. Unser Chef kreiert Gerichte, die die Wurzeln der els\u00e4ssischen K\u00fcche widerspiegeln: Sauerkraut, Cordon Bleu, Nieren und vieles mehr. Auch Lowcarb Gerichte sowie vegane Gerichte werden serviert. Probieren Sie unter unseren Spezialit\u00e4ten den ber\u00fchmten [&hellip;]<\/p>\n","protected":false},"author":19,"featured_media":0,"parent":0,"menu_order":0,"comment_status":"closed","ping_status":"closed","template":"template-restaurants.php","meta":{"footnotes":""},"yoast_head":"<!-- This site is optimized with the Yoast SEO plugin v22.3 - https:\/\/yoast.com\/wordpress\/plugins\/seo\/ -->\n<title>Restaurant in Baldersheim, Wintsub Mulhouse | H\u00f4tel Au Cheval Blanc<\/title>\n<meta name=\"description\" content=\"Genie\u00dfen Sie die traditionelle els\u00e4ssische K\u00fcche in unserem Hotelrestaurant, einem Ma\u00eetre Restaurateur in Mulhouse Nord. Erkunden Sie die Authentizit\u00e4t einer Weinstube und genie\u00dfen Sie ein kulinarisches Erlebnis der Extraklasse.\" \/>\n<meta name=\"robots\" content=\"index, follow, max-snippet:-1, max-image-preview:large, max-video-preview:-1\" \/>\n<link rel=\"canonical\" href=\"https:\/\/www.bestwestern-chevalblanc.com\/de\/restaurant\/\" \/>\n<meta property=\"og:locale\" content=\"de_DE\" \/>\n<meta property=\"og:type\" content=\"article\" \/>\n<meta property=\"og:title\" content=\"Restaurant in Baldersheim, Wintsub Mulhouse | H\u00f4tel Au Cheval Blanc\" \/>\n<meta property=\"og:description\" content=\"Genie\u00dfen Sie die traditionelle els\u00e4ssische K\u00fcche in unserem Hotelrestaurant, einem Ma\u00eetre Restaurateur in Mulhouse Nord. Erkunden Sie die Authentizit\u00e4t einer Weinstube und genie\u00dfen Sie ein kulinarisches Erlebnis der Extraklasse.\" \/>\n<meta property=\"og:url\" content=\"https:\/\/www.bestwestern-chevalblanc.com\/de\/restaurant\/\" \/>\n<meta property=\"og:site_name\" content=\"Best Western Au Cheval Blanc Mulhouse Nord\" \/>\n<meta property=\"article:modified_time\" content=\"2024-08-12T14:21:00+00:00\" \/>\n<meta name=\"twitter:card\" content=\"summary_large_image\" \/>\n<meta name=\"twitter:label1\" content=\"Gesch\u00e4tzte Lesezeit\" \/>\n\t<meta name=\"twitter:data1\" content=\"2 Minuten\" \/>\n<script type=\"application\/ld+json\" class=\"yoast-schema-graph\">{\"@context\":\"https:\/\/schema.org\",\"@graph\":[{\"@type\":\"WebPage\",\"@id\":\"https:\/\/www.bestwestern-chevalblanc.com\/de\/restaurant\/\",\"url\":\"https:\/\/www.bestwestern-chevalblanc.com\/de\/restaurant\/\",\"name\":\"Restaurant in Baldersheim, Wintsub Mulhouse | H\u00f4tel Au Cheval Blanc\",\"isPartOf\":{\"@id\":\"https:\/\/www.bestwestern-chevalblanc.com\/de\/#website\"},\"datePublished\":\"2023-06-02T14:10:47+00:00\",\"dateModified\":\"2024-08-12T14:21:00+00:00\",\"description\":\"Genie\u00dfen Sie die traditionelle els\u00e4ssische K\u00fcche in unserem Hotelrestaurant, einem Ma\u00eetre Restaurateur in Mulhouse Nord. Erkunden Sie die Authentizit\u00e4t einer Weinstube und genie\u00dfen Sie ein kulinarisches Erlebnis der Extraklasse.\",\"breadcrumb\":{\"@id\":\"https:\/\/www.bestwestern-chevalblanc.com\/de\/restaurant\/#breadcrumb\"},\"inLanguage\":\"de-DE\",\"potentialAction\":[{\"@type\":\"ReadAction\",\"target\":[\"https:\/\/www.bestwestern-chevalblanc.com\/de\/restaurant\/\"]}]},{\"@type\":\"BreadcrumbList\",\"@id\":\"https:\/\/www.bestwestern-chevalblanc.com\/de\/restaurant\/#breadcrumb\",\"itemListElement\":[{\"@type\":\"ListItem\",\"position\":1,\"name\":\"Accueil\",\"item\":\"https:\/\/www.bestwestern-chevalblanc.com\/de\/\"},{\"@type\":\"ListItem\",\"position\":2,\"name\":\"Restaurant\"}]},{\"@type\":\"WebSite\",\"@id\":\"https:\/\/www.bestwestern-chevalblanc.com\/de\/#website\",\"url\":\"https:\/\/www.bestwestern-chevalblanc.com\/de\/\",\"name\":\"Best Western Au Cheval Blanc Mulhouse Nord\",\"description\":\"\",\"potentialAction\":[{\"@type\":\"SearchAction\",\"target\":{\"@type\":\"EntryPoint\",\"urlTemplate\":\"https:\/\/www.bestwestern-chevalblanc.com\/de\/?s={search_term_string}\"},\"query-input\":\"required name=search_term_string\"}],\"inLanguage\":\"de-DE\"}]}<\/script>\n<!-- \/ Yoast SEO plugin. -->","yoast_head_json":{"title":"Restaurant in Baldersheim, Wintsub Mulhouse | H\u00f4tel Au Cheval Blanc","description":"Genie\u00dfen Sie die traditionelle els\u00e4ssische K\u00fcche in unserem Hotelrestaurant, einem Ma\u00eetre Restaurateur in Mulhouse Nord. Erkunden Sie die Authentizit\u00e4t einer Weinstube und genie\u00dfen Sie ein kulinarisches Erlebnis der Extraklasse.","robots":{"index":"index","follow":"follow","max-snippet":"max-snippet:-1","max-image-preview":"max-image-preview:large","max-video-preview":"max-video-preview:-1"},"canonical":"https:\/\/www.bestwestern-chevalblanc.com\/de\/restaurant\/","og_locale":"de_DE","og_type":"article","og_title":"Restaurant in Baldersheim, Wintsub Mulhouse | H\u00f4tel Au Cheval Blanc","og_description":"Genie\u00dfen Sie die traditionelle els\u00e4ssische K\u00fcche in unserem Hotelrestaurant, einem Ma\u00eetre Restaurateur in Mulhouse Nord. Erkunden Sie die Authentizit\u00e4t einer Weinstube und genie\u00dfen Sie ein kulinarisches Erlebnis der Extraklasse.","og_url":"https:\/\/www.bestwestern-chevalblanc.com\/de\/restaurant\/","og_site_name":"Best Western Au Cheval Blanc Mulhouse Nord","article_modified_time":"2024-08-12T14:21:00+00:00","twitter_card":"summary_large_image","twitter_misc":{"Gesch\u00e4tzte Lesezeit":"2 Minuten"},"schema":{"@context":"https:\/\/schema.org","@graph":[{"@type":"WebPage","@id":"https:\/\/www.bestwestern-chevalblanc.com\/de\/restaurant\/","url":"https:\/\/www.bestwestern-chevalblanc.com\/de\/restaurant\/","name":"Restaurant in Baldersheim, Wintsub Mulhouse | H\u00f4tel Au Cheval Blanc","isPartOf":{"@id":"https:\/\/www.bestwestern-chevalblanc.com\/de\/#website"},"datePublished":"2023-06-02T14:10:47+00:00","dateModified":"2024-08-12T14:21:00+00:00","description":"Genie\u00dfen Sie die traditionelle els\u00e4ssische K\u00fcche in unserem Hotelrestaurant, einem Ma\u00eetre Restaurateur in Mulhouse Nord. Erkunden Sie die Authentizit\u00e4t einer Weinstube und genie\u00dfen Sie ein kulinarisches Erlebnis der Extraklasse.","breadcrumb":{"@id":"https:\/\/www.bestwestern-chevalblanc.com\/de\/restaurant\/#breadcrumb"},"inLanguage":"de-DE","potentialAction":[{"@type":"ReadAction","target":["https:\/\/www.bestwestern-chevalblanc.com\/de\/restaurant\/"]}]},{"@type":"BreadcrumbList","@id":"https:\/\/www.bestwestern-chevalblanc.com\/de\/restaurant\/#breadcrumb","itemListElement":[{"@type":"ListItem","position":1,"name":"Accueil","item":"https:\/\/www.bestwestern-chevalblanc.com\/de\/"},{"@type":"ListItem","position":2,"name":"Restaurant"}]},{"@type":"WebSite","@id":"https:\/\/www.bestwestern-chevalblanc.com\/de\/#website","url":"https:\/\/www.bestwestern-chevalblanc.com\/de\/","name":"Best Western Au Cheval Blanc Mulhouse Nord","description":"","potentialAction":[{"@type":"SearchAction","target":{"@type":"EntryPoint","urlTemplate":"https:\/\/www.bestwestern-chevalblanc.com\/de\/?s={search_term_string}"},"query-input":"required name=search_term_string"}],"inLanguage":"de-DE"}]}},"acf":[],"_links":{"self":[{"href":"https:\/\/www.bestwestern-chevalblanc.com\/de\/wp-json\/wp\/v2\/pages\/766"}],"collection":[{"href":"https:\/\/www.bestwestern-chevalblanc.com\/de\/wp-json\/wp\/v2\/pages"}],"about":[{"href":"https:\/\/www.bestwestern-chevalblanc.com\/de\/wp-json\/wp\/v2\/types\/page"}],"author":[{"embeddable":true,"href":"https:\/\/www.bestwestern-chevalblanc.com\/de\/wp-json\/wp\/v2\/users\/19"}],"replies":[{"embeddable":true,"href":"https:\/\/www.bestwestern-chevalblanc.com\/de\/wp-json\/wp\/v2\/comments?post=766"}],"version-history":[{"count":0,"href":"https:\/\/www.bestwestern-chevalblanc.com\/de\/wp-json\/wp\/v2\/pages\/766\/revisions"}],"wp:attachment":[{"href":"https:\/\/www.bestwestern-chevalblanc.com\/de\/wp-json\/wp\/v2\/media?parent=766"}],"curies":[{"name":"wp","href":"https:\/\/api.w.org\/{rel}","templated":true}]}}