{"id":778,"date":"2023-08-03T15:57:21","date_gmt":"2023-08-03T13:57:21","guid":{"rendered":"https:\/\/bw-au-cheval-blanc.ms2.decms.eu\/tourismus-im-elsass\/386-2\/"},"modified":"2023-09-21T14:26:38","modified_gmt":"2023-09-21T12:26:38","slug":"386-2","status":"publish","type":"page","link":"https:\/\/www.bestwestern-chevalblanc.com\/de\/tourismus-im-elsass\/386-2\/","title":{"rendered":"Zoo de Mulhouse"},"content":{"rendered":"<p>Einer der \u00e4ltesten Zoos Frankreichs, ein au\u00dfergew\u00f6hnlicher Ort auf dem Rebberg. Der Zoo von M\u00fclhausen beherbergt 1.200 Tiere von 190 verschiedenen Arten, von denen die meisten selten sind. Der Schutz, die Erhaltung und sogar die Wiedereinf\u00fchrung seltener Arten in ihre urspr\u00fcngliche Umgebung, ist eines der Hauptziele des Parks.<\/p>\n<p><strong>AUSSERGEW\u00d6HNLICHE PFLANZENSAMMLUNGEN<\/strong><\/p>\n<p>Auf einer Fl\u00e4che von 25 Hektar beherbergt der Park eine herrliche Landschaft mit 3.500 Pflanzenarten und -sorten. Der f\u00fcr seine Qualit\u00e4t anerkannte Park erhielt 2005 das Label \u201eBemerkenswerter Garten\u201c.<\/p>\n<p>Spazieren Sie durch die verschiedenen Themeng\u00e4rten und bewundern Sie die verschiedenen Sorten Pfingstrosen, Schwertlilien, Rhododendren, Taglilien, Hortensien, mehrj\u00e4hrige Geranien, Zwiebelpflanzen im Fr\u00fchling und Dahlien im Herbst.<br \/>\nAufenthaltspakete inklusive Hotel und Aktivit\u00e4ten zum Entdecken auf der Website von Easy Alsace.<\/p>\n","protected":false},"excerpt":{"rendered":"<p>Einer der \u00e4ltesten Zoos Frankreichs, ein au\u00dfergew\u00f6hnlicher Ort auf dem Rebberg. Der Zoo von M\u00fclhausen beherbergt 1.200 Tiere von 190 verschiedenen Arten, von denen die meisten selten sind. Der Schutz, die Erhaltung und sogar die Wiedereinf\u00fchrung seltener Arten in ihre urspr\u00fcngliche Umgebung, ist eines der Hauptziele des Parks. AUSSERGEW\u00d6HNLICHE PFLANZENSAMMLUNGEN Auf einer Fl\u00e4che von 25 [&hellip;]<\/p>\n","protected":false},"author":19,"featured_media":0,"parent":776,"menu_order":9,"comment_status":"closed","ping_status":"closed","template":"template-surroundings.php","meta":{"footnotes":""},"yoast_head":"<!-- This site is optimized with the Yoast SEO plugin v22.3 - https:\/\/yoast.com\/wordpress\/plugins\/seo\/ -->\n<title>Mulhouse Zoo | H\u00f4tel Au Cheval Blanc<\/title>\n<meta name=\"description\" content=\"Nutzen Sie die Lage unseres H\u00f4tel Au Cheval Blanc und erkunden Sie den Mulhouse Zoo. Erkunden Sue die Tierwelt, erleben Sie die spektakul\u00e4ren Shows und genie\u00dfen Sie eine sch\u00f6ne Zeit mit der Familie.\" \/>\n<meta name=\"robots\" content=\"index, follow, max-snippet:-1, max-image-preview:large, max-video-preview:-1\" \/>\n<link rel=\"canonical\" href=\"https:\/\/www.bestwestern-chevalblanc.com\/de\/tourismus-im-elsass\/386-2\/\" \/>\n<meta property=\"og:locale\" content=\"de_DE\" \/>\n<meta property=\"og:type\" content=\"article\" \/>\n<meta property=\"og:title\" content=\"Mulhouse Zoo | H\u00f4tel Au Cheval Blanc\" \/>\n<meta property=\"og:description\" content=\"Nutzen Sie die Lage unseres H\u00f4tel Au Cheval Blanc und erkunden Sie den Mulhouse Zoo. Erkunden Sue die Tierwelt, erleben Sie die spektakul\u00e4ren Shows und genie\u00dfen Sie eine sch\u00f6ne Zeit mit der Familie.\" \/>\n<meta property=\"og:url\" content=\"https:\/\/www.bestwestern-chevalblanc.com\/de\/tourismus-im-elsass\/386-2\/\" \/>\n<meta property=\"og:site_name\" content=\"Best Western Au Cheval Blanc Mulhouse Nord\" \/>\n<meta property=\"article:modified_time\" content=\"2023-09-21T12:26:38+00:00\" \/>\n<meta name=\"twitter:card\" content=\"summary_large_image\" \/>\n<meta name=\"twitter:label1\" content=\"Gesch\u00e4tzte Lesezeit\" \/>\n\t<meta name=\"twitter:data1\" content=\"1 Minute\" \/>\n<script type=\"application\/ld+json\" class=\"yoast-schema-graph\">{\"@context\":\"https:\/\/schema.org\",\"@graph\":[{\"@type\":\"WebPage\",\"@id\":\"https:\/\/www.bestwestern-chevalblanc.com\/de\/tourismus-im-elsass\/386-2\/\",\"url\":\"https:\/\/www.bestwestern-chevalblanc.com\/de\/tourismus-im-elsass\/386-2\/\",\"name\":\"Mulhouse Zoo | H\u00f4tel Au Cheval Blanc\",\"isPartOf\":{\"@id\":\"https:\/\/www.bestwestern-chevalblanc.com\/de\/#website\"},\"datePublished\":\"2023-08-03T13:57:21+00:00\",\"dateModified\":\"2023-09-21T12:26:38+00:00\",\"description\":\"Nutzen Sie die Lage unseres H\u00f4tel Au Cheval Blanc und erkunden Sie den Mulhouse Zoo. Erkunden Sue die Tierwelt, erleben Sie die spektakul\u00e4ren Shows und genie\u00dfen Sie eine sch\u00f6ne Zeit mit der Familie.\",\"breadcrumb\":{\"@id\":\"https:\/\/www.bestwestern-chevalblanc.com\/de\/tourismus-im-elsass\/386-2\/#breadcrumb\"},\"inLanguage\":\"de-DE\",\"potentialAction\":[{\"@type\":\"ReadAction\",\"target\":[\"https:\/\/www.bestwestern-chevalblanc.com\/de\/tourismus-im-elsass\/386-2\/\"]}]},{\"@type\":\"BreadcrumbList\",\"@id\":\"https:\/\/www.bestwestern-chevalblanc.com\/de\/tourismus-im-elsass\/386-2\/#breadcrumb\",\"itemListElement\":[{\"@type\":\"ListItem\",\"position\":1,\"name\":\"Accueil\",\"item\":\"https:\/\/www.bestwestern-chevalblanc.com\/de\/\"},{\"@type\":\"ListItem\",\"position\":2,\"name\":\"Tourismus im Elsass\",\"item\":\"https:\/\/www.bestwestern-chevalblanc.com\/de\/tourismus-im-elsass\/\"},{\"@type\":\"ListItem\",\"position\":3,\"name\":\"Zoo de Mulhouse\"}]},{\"@type\":\"WebSite\",\"@id\":\"https:\/\/www.bestwestern-chevalblanc.com\/de\/#website\",\"url\":\"https:\/\/www.bestwestern-chevalblanc.com\/de\/\",\"name\":\"Best Western Au Cheval Blanc Mulhouse Nord\",\"description\":\"\",\"potentialAction\":[{\"@type\":\"SearchAction\",\"target\":{\"@type\":\"EntryPoint\",\"urlTemplate\":\"https:\/\/www.bestwestern-chevalblanc.com\/de\/?s={search_term_string}\"},\"query-input\":\"required name=search_term_string\"}],\"inLanguage\":\"de-DE\"}]}<\/script>\n<!-- \/ Yoast SEO plugin. -->","yoast_head_json":{"title":"Mulhouse Zoo | H\u00f4tel Au Cheval Blanc","description":"Nutzen Sie die Lage unseres H\u00f4tel Au Cheval Blanc und erkunden Sie den Mulhouse Zoo. Erkunden Sue die Tierwelt, erleben Sie die spektakul\u00e4ren Shows und genie\u00dfen Sie eine sch\u00f6ne Zeit mit der Familie.","robots":{"index":"index","follow":"follow","max-snippet":"max-snippet:-1","max-image-preview":"max-image-preview:large","max-video-preview":"max-video-preview:-1"},"canonical":"https:\/\/www.bestwestern-chevalblanc.com\/de\/tourismus-im-elsass\/386-2\/","og_locale":"de_DE","og_type":"article","og_title":"Mulhouse Zoo | H\u00f4tel Au Cheval Blanc","og_description":"Nutzen Sie die Lage unseres H\u00f4tel Au Cheval Blanc und erkunden Sie den Mulhouse Zoo. Erkunden Sue die Tierwelt, erleben Sie die spektakul\u00e4ren Shows und genie\u00dfen Sie eine sch\u00f6ne Zeit mit der Familie.","og_url":"https:\/\/www.bestwestern-chevalblanc.com\/de\/tourismus-im-elsass\/386-2\/","og_site_name":"Best Western Au Cheval Blanc Mulhouse Nord","article_modified_time":"2023-09-21T12:26:38+00:00","twitter_card":"summary_large_image","twitter_misc":{"Gesch\u00e4tzte Lesezeit":"1 Minute"},"schema":{"@context":"https:\/\/schema.org","@graph":[{"@type":"WebPage","@id":"https:\/\/www.bestwestern-chevalblanc.com\/de\/tourismus-im-elsass\/386-2\/","url":"https:\/\/www.bestwestern-chevalblanc.com\/de\/tourismus-im-elsass\/386-2\/","name":"Mulhouse Zoo | H\u00f4tel Au Cheval Blanc","isPartOf":{"@id":"https:\/\/www.bestwestern-chevalblanc.com\/de\/#website"},"datePublished":"2023-08-03T13:57:21+00:00","dateModified":"2023-09-21T12:26:38+00:00","description":"Nutzen Sie die Lage unseres H\u00f4tel Au Cheval Blanc und erkunden Sie den Mulhouse Zoo. Erkunden Sue die Tierwelt, erleben Sie die spektakul\u00e4ren Shows und genie\u00dfen Sie eine sch\u00f6ne Zeit mit der Familie.","breadcrumb":{"@id":"https:\/\/www.bestwestern-chevalblanc.com\/de\/tourismus-im-elsass\/386-2\/#breadcrumb"},"inLanguage":"de-DE","potentialAction":[{"@type":"ReadAction","target":["https:\/\/www.bestwestern-chevalblanc.com\/de\/tourismus-im-elsass\/386-2\/"]}]},{"@type":"BreadcrumbList","@id":"https:\/\/www.bestwestern-chevalblanc.com\/de\/tourismus-im-elsass\/386-2\/#breadcrumb","itemListElement":[{"@type":"ListItem","position":1,"name":"Accueil","item":"https:\/\/www.bestwestern-chevalblanc.com\/de\/"},{"@type":"ListItem","position":2,"name":"Tourismus im Elsass","item":"https:\/\/www.bestwestern-chevalblanc.com\/de\/tourismus-im-elsass\/"},{"@type":"ListItem","position":3,"name":"Zoo de Mulhouse"}]},{"@type":"WebSite","@id":"https:\/\/www.bestwestern-chevalblanc.com\/de\/#website","url":"https:\/\/www.bestwestern-chevalblanc.com\/de\/","name":"Best Western Au Cheval Blanc Mulhouse Nord","description":"","potentialAction":[{"@type":"SearchAction","target":{"@type":"EntryPoint","urlTemplate":"https:\/\/www.bestwestern-chevalblanc.com\/de\/?s={search_term_string}"},"query-input":"required name=search_term_string"}],"inLanguage":"de-DE"}]}},"acf":[],"_links":{"self":[{"href":"https:\/\/www.bestwestern-chevalblanc.com\/de\/wp-json\/wp\/v2\/pages\/778"}],"collection":[{"href":"https:\/\/www.bestwestern-chevalblanc.com\/de\/wp-json\/wp\/v2\/pages"}],"about":[{"href":"https:\/\/www.bestwestern-chevalblanc.com\/de\/wp-json\/wp\/v2\/types\/page"}],"author":[{"embeddable":true,"href":"https:\/\/www.bestwestern-chevalblanc.com\/de\/wp-json\/wp\/v2\/users\/19"}],"replies":[{"embeddable":true,"href":"https:\/\/www.bestwestern-chevalblanc.com\/de\/wp-json\/wp\/v2\/comments?post=778"}],"version-history":[{"count":0,"href":"https:\/\/www.bestwestern-chevalblanc.com\/de\/wp-json\/wp\/v2\/pages\/778\/revisions"}],"up":[{"embeddable":true,"href":"https:\/\/www.bestwestern-chevalblanc.com\/de\/wp-json\/wp\/v2\/pages\/776"}],"wp:attachment":[{"href":"https:\/\/www.bestwestern-chevalblanc.com\/de\/wp-json\/wp\/v2\/media?parent=778"}],"curies":[{"name":"wp","href":"https:\/\/api.w.org\/{rel}","templated":true}]}}