{"id":781,"date":"2023-08-03T16:11:34","date_gmt":"2023-08-03T14:11:34","guid":{"rendered":"https:\/\/bw-au-cheval-blanc.ms2.decms.eu\/tourismus-im-elsass\/395-2\/"},"modified":"2023-09-21T14:29:06","modified_gmt":"2023-09-21T12:29:06","slug":"395-2","status":"publish","type":"page","link":"https:\/\/www.bestwestern-chevalblanc.com\/de\/tourismus-im-elsass\/395-2\/","title":{"rendered":"Ch\u00e2teau du Haut-Koenigsbourg et les ch\u00e2teaux-forts d&#8217;Alsace"},"content":{"rendered":"<p>Der Durchgang durch das Haut-Koenigsbourg-Tor ist wie ein Eintauchen in die Welt des Mittelalters! Und es gibt noch viel mehr! &#8230;Besuchen Sie die Schl\u00f6sser des Elsass!<\/p>\n<p><strong>Bucheneck<\/strong><br \/>\nDas vor dem 12. Jahrhundert erbaute Schloss Bucheneck liegt 20 Autominuten von Ihrem Best Western Plus Au Cheval Blanc Hotel entfernt.<\/p>\n<p>Das seit 1984 unter Denkmalschutz stehende Geb\u00e4ude diente verschiedenen Adelsfamilien, aber auch dem Bischof von Stra\u00dfburg als Residenz. Heute beherbergt es ein Museum, das der Geschichte der Stadt Soultz-Haut-Rhin gewidmet ist, von der Aufnahme einer Garnison des Malteserordens innerhalb ihrer Mauern bis zur Geschichte des Lebens der Gemeinde. Jude der Stadt.<\/p>\n<p><strong>N\u00fcnenburg<\/strong><br \/>\nNicht zu verwechseln mit Schloss Nuenburg in Deutschland, dieses Geb\u00e4ude ist nur 25 Autominuten von Ihrem Best Western Plus Au Cheval Blanc Hotel entfernt.<\/p>\n<p>Die erste befestigte Burg wurde im 14. Jahrhundert erbaut und \u00fcberlebte den verheerenden Drei\u00dfigj\u00e4hrigen Krieg nicht. Im 17. Jahrhundert ordnete Abt Philippe de Loewenstein jedoch den Bau eines neuen Schlosses an, das wir heute sehen k\u00f6nnen.<\/p>\n<p>Nach vielen Umbauten, mal Werkstatt, mal Villa, ist das Schloss heute ein Kultur- und Touristenzentrum. Besuchen Sie die G\u00e4rten, in denen Wechselausstellungen und Aktivit\u00e4ten stattfinden!<\/p>\n<p><strong>Engelburg, das Auge der Hexe<\/strong><br \/>\nEin sehr be\u00e4ngstigender Name f\u00fcr eine Burg, das Auge der Hexe wurde nicht immer so genannt. Es liegt etwa 30 Autominuten von Ihrem Best Western Plus Au Cheval Blanc Hotel entfernt und wurde 1673 von Ludwig XIV. zerst\u00f6rt, nach den Westf\u00e4lischen Vertr\u00e4gen, die das Elsass an Frankreich anschlossen.<\/p>\n<p>Dann wird eine Gruppe von Bergleuten entsandt, doch am Ende st\u00fcrzen sie den Turm des Bergfrieds ein, wodurch ein untypisches Bauwerk entsteht, das noch heute sichtbar ist, ein weithin sichtbarer Steinkreis. Das ist das Auge der Hexe.<\/p>\n<p>Die zun\u00e4chst vergessene Ruine wurde 1898 wiederentdeckt und unter Denkmalschutz gestellt. Seitdem haben es sich mutige Freiwillige zur Aufgabe gemacht, das Geb\u00e4ude wieder in seinen urspr\u00fcnglichen Zustand zu versetzen. Ein ungew\u00f6hnlicher Ort, den Sie nicht verpassen sollten!<\/p>\n","protected":false},"excerpt":{"rendered":"<p>Der Durchgang durch das Haut-Koenigsbourg-Tor ist wie ein Eintauchen in die Welt des Mittelalters! Und es gibt noch viel mehr! &#8230;Besuchen Sie die Schl\u00f6sser des Elsass! Bucheneck Das vor dem 12. Jahrhundert erbaute Schloss Bucheneck liegt 20 Autominuten von Ihrem Best Western Plus Au Cheval Blanc Hotel entfernt. Das seit 1984 unter Denkmalschutz stehende Geb\u00e4ude [&hellip;]<\/p>\n","protected":false},"author":19,"featured_media":0,"parent":776,"menu_order":1,"comment_status":"closed","ping_status":"closed","template":"template-surroundings.php","meta":{"footnotes":""},"class_list":["post-781","page","type-page","status-publish","hentry"],"yoast_head":"<!-- This site is optimized with the Yoast SEO plugin v27.3 - https:\/\/yoast.com\/product\/yoast-seo-wordpress\/ -->\n<title>Ch\u00e2teau du Haut-Koenigsbourg et les ch\u00e2teaux-forts d&#039;Alsace - Best Western Au Cheval Blanc Mulhouse Nord<\/title>\n<meta name=\"robots\" content=\"index, follow, max-snippet:-1, max-image-preview:large, max-video-preview:-1\" \/>\n<link rel=\"canonical\" href=\"https:\/\/www.bestwestern-chevalblanc.com\/de\/tourismus-im-elsass\/395-2\/\" \/>\n<meta property=\"og:locale\" content=\"de_DE\" \/>\n<meta property=\"og:type\" content=\"article\" \/>\n<meta property=\"og:title\" content=\"Ch\u00e2teau du Haut-Koenigsbourg et les ch\u00e2teaux-forts d&#039;Alsace - Best Western Au Cheval Blanc Mulhouse Nord\" \/>\n<meta property=\"og:description\" content=\"Der Durchgang durch das Haut-Koenigsbourg-Tor ist wie ein Eintauchen in die Welt des Mittelalters! Und es gibt noch viel mehr! &#8230;Besuchen Sie die Schl\u00f6sser des Elsass! Bucheneck Das vor dem 12. Jahrhundert erbaute Schloss Bucheneck liegt 20 Autominuten von Ihrem Best Western Plus Au Cheval Blanc Hotel entfernt. Das seit 1984 unter Denkmalschutz stehende Geb\u00e4ude [&hellip;]\" \/>\n<meta property=\"og:url\" content=\"https:\/\/www.bestwestern-chevalblanc.com\/de\/tourismus-im-elsass\/395-2\/\" \/>\n<meta property=\"og:site_name\" content=\"Best Western Au Cheval Blanc Mulhouse Nord\" \/>\n<meta property=\"article:modified_time\" content=\"2023-09-21T12:29:06+00:00\" \/>\n<meta name=\"twitter:card\" content=\"summary_large_image\" \/>\n<meta name=\"twitter:label1\" content=\"Gesch\u00e4tzte Lesezeit\" \/>\n\t<meta name=\"twitter:data1\" content=\"2 Minuten\" \/>\n<script type=\"application\/ld+json\" class=\"yoast-schema-graph\">{\"@context\":\"https:\\\/\\\/schema.org\",\"@graph\":[{\"@type\":\"WebPage\",\"@id\":\"https:\\\/\\\/www.bestwestern-chevalblanc.com\\\/de\\\/tourismus-im-elsass\\\/395-2\\\/\",\"url\":\"https:\\\/\\\/www.bestwestern-chevalblanc.com\\\/de\\\/tourismus-im-elsass\\\/395-2\\\/\",\"name\":\"Ch\u00e2teau du Haut-Koenigsbourg et les ch\u00e2teaux-forts d'Alsace - Best Western Au Cheval Blanc Mulhouse Nord\",\"isPartOf\":{\"@id\":\"https:\\\/\\\/www.bestwestern-chevalblanc.com\\\/de\\\/#website\"},\"datePublished\":\"2023-08-03T14:11:34+00:00\",\"dateModified\":\"2023-09-21T12:29:06+00:00\",\"breadcrumb\":{\"@id\":\"https:\\\/\\\/www.bestwestern-chevalblanc.com\\\/de\\\/tourismus-im-elsass\\\/395-2\\\/#breadcrumb\"},\"inLanguage\":\"de-DE\",\"potentialAction\":[{\"@type\":\"ReadAction\",\"target\":[\"https:\\\/\\\/www.bestwestern-chevalblanc.com\\\/de\\\/tourismus-im-elsass\\\/395-2\\\/\"]}]},{\"@type\":\"BreadcrumbList\",\"@id\":\"https:\\\/\\\/www.bestwestern-chevalblanc.com\\\/de\\\/tourismus-im-elsass\\\/395-2\\\/#breadcrumb\",\"itemListElement\":[{\"@type\":\"ListItem\",\"position\":1,\"name\":\"Accueil\",\"item\":\"https:\\\/\\\/www.bestwestern-chevalblanc.com\\\/de\\\/\"},{\"@type\":\"ListItem\",\"position\":2,\"name\":\"Tourismus im Elsass\",\"item\":\"https:\\\/\\\/www.bestwestern-chevalblanc.com\\\/de\\\/tourismus-im-elsass\\\/\"},{\"@type\":\"ListItem\",\"position\":3,\"name\":\"Ch\u00e2teau du Haut-Koenigsbourg et les ch\u00e2teaux-forts d&#8217;Alsace\"}]},{\"@type\":\"WebSite\",\"@id\":\"https:\\\/\\\/www.bestwestern-chevalblanc.com\\\/de\\\/#website\",\"url\":\"https:\\\/\\\/www.bestwestern-chevalblanc.com\\\/de\\\/\",\"name\":\"Best Western Au Cheval Blanc Mulhouse Nord\",\"description\":\"\",\"potentialAction\":[{\"@type\":\"SearchAction\",\"target\":{\"@type\":\"EntryPoint\",\"urlTemplate\":\"https:\\\/\\\/www.bestwestern-chevalblanc.com\\\/de\\\/?s={search_term_string}\"},\"query-input\":{\"@type\":\"PropertyValueSpecification\",\"valueRequired\":true,\"valueName\":\"search_term_string\"}}],\"inLanguage\":\"de-DE\"}]}<\/script>\n<!-- \/ Yoast SEO plugin. -->","yoast_head_json":{"title":"Ch\u00e2teau du Haut-Koenigsbourg et les ch\u00e2teaux-forts d'Alsace - Best Western Au Cheval Blanc Mulhouse Nord","robots":{"index":"index","follow":"follow","max-snippet":"max-snippet:-1","max-image-preview":"max-image-preview:large","max-video-preview":"max-video-preview:-1"},"canonical":"https:\/\/www.bestwestern-chevalblanc.com\/de\/tourismus-im-elsass\/395-2\/","og_locale":"de_DE","og_type":"article","og_title":"Ch\u00e2teau du Haut-Koenigsbourg et les ch\u00e2teaux-forts d'Alsace - Best Western Au Cheval Blanc Mulhouse Nord","og_description":"Der Durchgang durch das Haut-Koenigsbourg-Tor ist wie ein Eintauchen in die Welt des Mittelalters! Und es gibt noch viel mehr! &#8230;Besuchen Sie die Schl\u00f6sser des Elsass! Bucheneck Das vor dem 12. Jahrhundert erbaute Schloss Bucheneck liegt 20 Autominuten von Ihrem Best Western Plus Au Cheval Blanc Hotel entfernt. Das seit 1984 unter Denkmalschutz stehende Geb\u00e4ude [&hellip;]","og_url":"https:\/\/www.bestwestern-chevalblanc.com\/de\/tourismus-im-elsass\/395-2\/","og_site_name":"Best Western Au Cheval Blanc Mulhouse Nord","article_modified_time":"2023-09-21T12:29:06+00:00","twitter_card":"summary_large_image","twitter_misc":{"Gesch\u00e4tzte Lesezeit":"2 Minuten"},"schema":{"@context":"https:\/\/schema.org","@graph":[{"@type":"WebPage","@id":"https:\/\/www.bestwestern-chevalblanc.com\/de\/tourismus-im-elsass\/395-2\/","url":"https:\/\/www.bestwestern-chevalblanc.com\/de\/tourismus-im-elsass\/395-2\/","name":"Ch\u00e2teau du Haut-Koenigsbourg et les ch\u00e2teaux-forts d'Alsace - Best Western Au Cheval Blanc Mulhouse Nord","isPartOf":{"@id":"https:\/\/www.bestwestern-chevalblanc.com\/de\/#website"},"datePublished":"2023-08-03T14:11:34+00:00","dateModified":"2023-09-21T12:29:06+00:00","breadcrumb":{"@id":"https:\/\/www.bestwestern-chevalblanc.com\/de\/tourismus-im-elsass\/395-2\/#breadcrumb"},"inLanguage":"de-DE","potentialAction":[{"@type":"ReadAction","target":["https:\/\/www.bestwestern-chevalblanc.com\/de\/tourismus-im-elsass\/395-2\/"]}]},{"@type":"BreadcrumbList","@id":"https:\/\/www.bestwestern-chevalblanc.com\/de\/tourismus-im-elsass\/395-2\/#breadcrumb","itemListElement":[{"@type":"ListItem","position":1,"name":"Accueil","item":"https:\/\/www.bestwestern-chevalblanc.com\/de\/"},{"@type":"ListItem","position":2,"name":"Tourismus im Elsass","item":"https:\/\/www.bestwestern-chevalblanc.com\/de\/tourismus-im-elsass\/"},{"@type":"ListItem","position":3,"name":"Ch\u00e2teau du Haut-Koenigsbourg et les ch\u00e2teaux-forts d&#8217;Alsace"}]},{"@type":"WebSite","@id":"https:\/\/www.bestwestern-chevalblanc.com\/de\/#website","url":"https:\/\/www.bestwestern-chevalblanc.com\/de\/","name":"Best Western Au Cheval Blanc Mulhouse Nord","description":"","potentialAction":[{"@type":"SearchAction","target":{"@type":"EntryPoint","urlTemplate":"https:\/\/www.bestwestern-chevalblanc.com\/de\/?s={search_term_string}"},"query-input":{"@type":"PropertyValueSpecification","valueRequired":true,"valueName":"search_term_string"}}],"inLanguage":"de-DE"}]}},"acf":[],"_links":{"self":[{"href":"https:\/\/www.bestwestern-chevalblanc.com\/de\/wp-json\/wp\/v2\/pages\/781","targetHints":{"allow":["GET"]}}],"collection":[{"href":"https:\/\/www.bestwestern-chevalblanc.com\/de\/wp-json\/wp\/v2\/pages"}],"about":[{"href":"https:\/\/www.bestwestern-chevalblanc.com\/de\/wp-json\/wp\/v2\/types\/page"}],"author":[{"embeddable":true,"href":"https:\/\/www.bestwestern-chevalblanc.com\/de\/wp-json\/wp\/v2\/users\/19"}],"replies":[{"embeddable":true,"href":"https:\/\/www.bestwestern-chevalblanc.com\/de\/wp-json\/wp\/v2\/comments?post=781"}],"version-history":[{"count":0,"href":"https:\/\/www.bestwestern-chevalblanc.com\/de\/wp-json\/wp\/v2\/pages\/781\/revisions"}],"up":[{"embeddable":true,"href":"https:\/\/www.bestwestern-chevalblanc.com\/de\/wp-json\/wp\/v2\/pages\/776"}],"wp:attachment":[{"href":"https:\/\/www.bestwestern-chevalblanc.com\/de\/wp-json\/wp\/v2\/media?parent=781"}],"curies":[{"name":"wp","href":"https:\/\/api.w.org\/{rel}","templated":true}]}}