{"id":783,"date":"2023-08-03T16:09:27","date_gmt":"2023-08-03T14:09:27","guid":{"rendered":"https:\/\/bw-au-cheval-blanc.ms2.decms.eu\/tourismus-im-elsass\/393-2\/"},"modified":"2023-09-21T14:28:55","modified_gmt":"2023-09-21T12:28:55","slug":"393-2","status":"publish","type":"page","link":"https:\/\/www.bestwestern-chevalblanc.com\/de\/tourismus-im-elsass\/393-2\/","title":{"rendered":"Le Grand Ballon d&#8217;Alsace et la route des cr\u00eates"},"content":{"rendered":"<p>Mit einer H\u00f6he von 1.424 Metern ist er der h\u00f6chste Gipfel des Vogesenmassivs. Ein Hauch frischer, frischer Luft! Die Entstehung der Route des Cr\u00eates geht auf den Ersten Weltkrieg zur\u00fcck. Sie erf\u00fcllte strategische Ziele in den Bereichen Kommunikation, Logistik und Verteidigung.<\/p>\n<p>Heute ist diese Route mit ihren au\u00dfergew\u00f6hnlichen Landschaften zu einem Muss geworden und kann zu Fu\u00df, mit dem Fahrrad, dem Motorrad, dem Auto oder dem Wohnmobil erkundet werden.<\/p>\n<p><strong>WAS HAT DIE ROUTE DES CR\u00caTES F\u00dcR SIE VOR?<\/strong><\/p>\n<p>Mit einer L\u00e4nge von 73 km verbindet die Route des Cr\u00eates Cernay mit Sainte-Marie-aux-Mines im Haut-Rhin. Diese herrliche Route bietet bemerkenswerte Ausblicke auf die typischen Landschaften der Vogesen mit ihren Ballons, W\u00e4ldern, Seen und atemberaubenden Landschaften.<\/p>\n<p>Ein perfekter Zufluchtsort in den Bergen, um dem Alltag zu entfliehen, der Natur so nah wie m\u00f6glich zu sein und staunen zu lassen.<\/p>\n<p><strong>WAS GIBT ES AUF DER ROUTE DES CR\u00caTES?<\/strong><\/p>\n<p>Die Route des Cr\u00eates dominiert die Berge und hochgelegenen Weiden und bietet viele Reicht\u00fcmer, die es zu entdecken gilt.<\/p>\n<p>Nachfolgend finden Sie die wesentlichen Etappen dieser mythischen Route:<\/p>\n<p><strong>Der gro\u00dfe Ballon<\/strong><br \/>\nDer h\u00f6chste Gipfel der Vogesen mit seinen 1424 Metern.<\/p>\n<p><strong>Der Marketstein<\/strong><br \/>\nSommer wie Winter gibt es Raum f\u00fcr Outdoor-Aktivit\u00e4ten: Mountainbiken, Wandern, Rodeln, Minigolf, Skifahren.<\/p>\n<p><strong>Das Hohneck-Massiv<\/strong><br \/>\nDie sch\u00f6nsten Fu\u00dfg\u00e4ngerausfl\u00fcge erwarten Sie!<\/p>\n<p><strong>Tanet Gazon du Faing<\/strong><br \/>\nHier koexistieren viele Pflanzenarten zwischen Wiesen und W\u00e4ldern.<\/p>\n<p><strong>Lac Blanc in Richtung Col des Bagenelles<\/strong><br \/>\nBewundern Sie durch Stoppeln, Felsen und W\u00e4lder die atemberaubende Aussicht auf den See.<\/p>\n<p><strong>Der Col du Bonhomme<\/strong><br \/>\nEiner der h\u00f6chsten Gipfel der Vogesen mit seinen 949 Metern H\u00f6he.<\/p>\n","protected":false},"excerpt":{"rendered":"<p>Mit einer H\u00f6he von 1.424 Metern ist er der h\u00f6chste Gipfel des Vogesenmassivs. Ein Hauch frischer, frischer Luft! Die Entstehung der Route des Cr\u00eates geht auf den Ersten Weltkrieg zur\u00fcck. Sie erf\u00fcllte strategische Ziele in den Bereichen Kommunikation, Logistik und Verteidigung. Heute ist diese Route mit ihren au\u00dfergew\u00f6hnlichen Landschaften zu einem Muss geworden und kann [&hellip;]<\/p>\n","protected":false},"author":19,"featured_media":0,"parent":776,"menu_order":2,"comment_status":"closed","ping_status":"closed","template":"template-surroundings.php","meta":{"footnotes":""},"class_list":["post-783","page","type-page","status-publish","hentry"],"yoast_head":"<!-- This site is optimized with the Yoast SEO plugin v27.3 - https:\/\/yoast.com\/product\/yoast-seo-wordpress\/ -->\n<title>Le Grand Ballon d&#039;Alsace et la route des cr\u00eates - Best Western Au Cheval Blanc Mulhouse Nord<\/title>\n<meta name=\"robots\" content=\"index, follow, max-snippet:-1, max-image-preview:large, max-video-preview:-1\" \/>\n<link rel=\"canonical\" href=\"https:\/\/www.bestwestern-chevalblanc.com\/de\/tourismus-im-elsass\/393-2\/\" \/>\n<meta property=\"og:locale\" content=\"de_DE\" \/>\n<meta property=\"og:type\" content=\"article\" \/>\n<meta property=\"og:title\" content=\"Le Grand Ballon d&#039;Alsace et la route des cr\u00eates - Best Western Au Cheval Blanc Mulhouse Nord\" \/>\n<meta property=\"og:description\" content=\"Mit einer H\u00f6he von 1.424 Metern ist er der h\u00f6chste Gipfel des Vogesenmassivs. Ein Hauch frischer, frischer Luft! Die Entstehung der Route des Cr\u00eates geht auf den Ersten Weltkrieg zur\u00fcck. Sie erf\u00fcllte strategische Ziele in den Bereichen Kommunikation, Logistik und Verteidigung. Heute ist diese Route mit ihren au\u00dfergew\u00f6hnlichen Landschaften zu einem Muss geworden und kann [&hellip;]\" \/>\n<meta property=\"og:url\" content=\"https:\/\/www.bestwestern-chevalblanc.com\/de\/tourismus-im-elsass\/393-2\/\" \/>\n<meta property=\"og:site_name\" content=\"Best Western Au Cheval Blanc Mulhouse Nord\" \/>\n<meta property=\"article:modified_time\" content=\"2023-09-21T12:28:55+00:00\" \/>\n<meta name=\"twitter:card\" content=\"summary_large_image\" \/>\n<meta name=\"twitter:label1\" content=\"Gesch\u00e4tzte Lesezeit\" \/>\n\t<meta name=\"twitter:data1\" content=\"1 Minute\" \/>\n<script type=\"application\/ld+json\" class=\"yoast-schema-graph\">{\"@context\":\"https:\\\/\\\/schema.org\",\"@graph\":[{\"@type\":\"WebPage\",\"@id\":\"https:\\\/\\\/www.bestwestern-chevalblanc.com\\\/de\\\/tourismus-im-elsass\\\/393-2\\\/\",\"url\":\"https:\\\/\\\/www.bestwestern-chevalblanc.com\\\/de\\\/tourismus-im-elsass\\\/393-2\\\/\",\"name\":\"Le Grand Ballon d'Alsace et la route des cr\u00eates - Best Western Au Cheval Blanc Mulhouse Nord\",\"isPartOf\":{\"@id\":\"https:\\\/\\\/www.bestwestern-chevalblanc.com\\\/de\\\/#website\"},\"datePublished\":\"2023-08-03T14:09:27+00:00\",\"dateModified\":\"2023-09-21T12:28:55+00:00\",\"breadcrumb\":{\"@id\":\"https:\\\/\\\/www.bestwestern-chevalblanc.com\\\/de\\\/tourismus-im-elsass\\\/393-2\\\/#breadcrumb\"},\"inLanguage\":\"de-DE\",\"potentialAction\":[{\"@type\":\"ReadAction\",\"target\":[\"https:\\\/\\\/www.bestwestern-chevalblanc.com\\\/de\\\/tourismus-im-elsass\\\/393-2\\\/\"]}]},{\"@type\":\"BreadcrumbList\",\"@id\":\"https:\\\/\\\/www.bestwestern-chevalblanc.com\\\/de\\\/tourismus-im-elsass\\\/393-2\\\/#breadcrumb\",\"itemListElement\":[{\"@type\":\"ListItem\",\"position\":1,\"name\":\"Accueil\",\"item\":\"https:\\\/\\\/www.bestwestern-chevalblanc.com\\\/de\\\/\"},{\"@type\":\"ListItem\",\"position\":2,\"name\":\"Tourismus im Elsass\",\"item\":\"https:\\\/\\\/www.bestwestern-chevalblanc.com\\\/de\\\/tourismus-im-elsass\\\/\"},{\"@type\":\"ListItem\",\"position\":3,\"name\":\"Le Grand Ballon d&#8217;Alsace et la route des cr\u00eates\"}]},{\"@type\":\"WebSite\",\"@id\":\"https:\\\/\\\/www.bestwestern-chevalblanc.com\\\/de\\\/#website\",\"url\":\"https:\\\/\\\/www.bestwestern-chevalblanc.com\\\/de\\\/\",\"name\":\"Best Western Au Cheval Blanc Mulhouse Nord\",\"description\":\"\",\"potentialAction\":[{\"@type\":\"SearchAction\",\"target\":{\"@type\":\"EntryPoint\",\"urlTemplate\":\"https:\\\/\\\/www.bestwestern-chevalblanc.com\\\/de\\\/?s={search_term_string}\"},\"query-input\":{\"@type\":\"PropertyValueSpecification\",\"valueRequired\":true,\"valueName\":\"search_term_string\"}}],\"inLanguage\":\"de-DE\"}]}<\/script>\n<!-- \/ Yoast SEO plugin. -->","yoast_head_json":{"title":"Le Grand Ballon d'Alsace et la route des cr\u00eates - Best Western Au Cheval Blanc Mulhouse Nord","robots":{"index":"index","follow":"follow","max-snippet":"max-snippet:-1","max-image-preview":"max-image-preview:large","max-video-preview":"max-video-preview:-1"},"canonical":"https:\/\/www.bestwestern-chevalblanc.com\/de\/tourismus-im-elsass\/393-2\/","og_locale":"de_DE","og_type":"article","og_title":"Le Grand Ballon d'Alsace et la route des cr\u00eates - Best Western Au Cheval Blanc Mulhouse Nord","og_description":"Mit einer H\u00f6he von 1.424 Metern ist er der h\u00f6chste Gipfel des Vogesenmassivs. Ein Hauch frischer, frischer Luft! Die Entstehung der Route des Cr\u00eates geht auf den Ersten Weltkrieg zur\u00fcck. Sie erf\u00fcllte strategische Ziele in den Bereichen Kommunikation, Logistik und Verteidigung. Heute ist diese Route mit ihren au\u00dfergew\u00f6hnlichen Landschaften zu einem Muss geworden und kann [&hellip;]","og_url":"https:\/\/www.bestwestern-chevalblanc.com\/de\/tourismus-im-elsass\/393-2\/","og_site_name":"Best Western Au Cheval Blanc Mulhouse Nord","article_modified_time":"2023-09-21T12:28:55+00:00","twitter_card":"summary_large_image","twitter_misc":{"Gesch\u00e4tzte Lesezeit":"1 Minute"},"schema":{"@context":"https:\/\/schema.org","@graph":[{"@type":"WebPage","@id":"https:\/\/www.bestwestern-chevalblanc.com\/de\/tourismus-im-elsass\/393-2\/","url":"https:\/\/www.bestwestern-chevalblanc.com\/de\/tourismus-im-elsass\/393-2\/","name":"Le Grand Ballon d'Alsace et la route des cr\u00eates - Best Western Au Cheval Blanc Mulhouse Nord","isPartOf":{"@id":"https:\/\/www.bestwestern-chevalblanc.com\/de\/#website"},"datePublished":"2023-08-03T14:09:27+00:00","dateModified":"2023-09-21T12:28:55+00:00","breadcrumb":{"@id":"https:\/\/www.bestwestern-chevalblanc.com\/de\/tourismus-im-elsass\/393-2\/#breadcrumb"},"inLanguage":"de-DE","potentialAction":[{"@type":"ReadAction","target":["https:\/\/www.bestwestern-chevalblanc.com\/de\/tourismus-im-elsass\/393-2\/"]}]},{"@type":"BreadcrumbList","@id":"https:\/\/www.bestwestern-chevalblanc.com\/de\/tourismus-im-elsass\/393-2\/#breadcrumb","itemListElement":[{"@type":"ListItem","position":1,"name":"Accueil","item":"https:\/\/www.bestwestern-chevalblanc.com\/de\/"},{"@type":"ListItem","position":2,"name":"Tourismus im Elsass","item":"https:\/\/www.bestwestern-chevalblanc.com\/de\/tourismus-im-elsass\/"},{"@type":"ListItem","position":3,"name":"Le Grand Ballon d&#8217;Alsace et la route des cr\u00eates"}]},{"@type":"WebSite","@id":"https:\/\/www.bestwestern-chevalblanc.com\/de\/#website","url":"https:\/\/www.bestwestern-chevalblanc.com\/de\/","name":"Best Western Au Cheval Blanc Mulhouse Nord","description":"","potentialAction":[{"@type":"SearchAction","target":{"@type":"EntryPoint","urlTemplate":"https:\/\/www.bestwestern-chevalblanc.com\/de\/?s={search_term_string}"},"query-input":{"@type":"PropertyValueSpecification","valueRequired":true,"valueName":"search_term_string"}}],"inLanguage":"de-DE"}]}},"acf":[],"_links":{"self":[{"href":"https:\/\/www.bestwestern-chevalblanc.com\/de\/wp-json\/wp\/v2\/pages\/783","targetHints":{"allow":["GET"]}}],"collection":[{"href":"https:\/\/www.bestwestern-chevalblanc.com\/de\/wp-json\/wp\/v2\/pages"}],"about":[{"href":"https:\/\/www.bestwestern-chevalblanc.com\/de\/wp-json\/wp\/v2\/types\/page"}],"author":[{"embeddable":true,"href":"https:\/\/www.bestwestern-chevalblanc.com\/de\/wp-json\/wp\/v2\/users\/19"}],"replies":[{"embeddable":true,"href":"https:\/\/www.bestwestern-chevalblanc.com\/de\/wp-json\/wp\/v2\/comments?post=783"}],"version-history":[{"count":0,"href":"https:\/\/www.bestwestern-chevalblanc.com\/de\/wp-json\/wp\/v2\/pages\/783\/revisions"}],"up":[{"embeddable":true,"href":"https:\/\/www.bestwestern-chevalblanc.com\/de\/wp-json\/wp\/v2\/pages\/776"}],"wp:attachment":[{"href":"https:\/\/www.bestwestern-chevalblanc.com\/de\/wp-json\/wp\/v2\/media?parent=783"}],"curies":[{"name":"wp","href":"https:\/\/api.w.org\/{rel}","templated":true}]}}