{"id":786,"date":"2023-08-03T16:03:49","date_gmt":"2023-08-03T14:03:49","guid":{"rendered":"https:\/\/bw-au-cheval-blanc.ms2.decms.eu\/tourismus-im-elsass\/route-des-vins-dalsace\/"},"modified":"2023-09-21T14:28:37","modified_gmt":"2023-09-21T12:28:37","slug":"route-des-vins-dalsace","status":"publish","type":"page","link":"https:\/\/www.bestwestern-chevalblanc.com\/de\/tourismus-im-elsass\/route-des-vins-dalsace\/","title":{"rendered":"Route des Vins d&#8217;Alsace"},"content":{"rendered":"<p>Eine legend\u00e4re Route, eine Reihe malerischer D\u00f6rfer, atemberaubende Landschaften, leidenschaftliche Winzer &#8230;<\/p>\n<p>Der els\u00e4ssische Weinberg produziert haupts\u00e4chlich Wei\u00dfweine, Schaumweine sowie einige Ros\u00e9- und Rotweine. Genau wie in Deutschland finden Sie hier k\u00f6stliche Rieslinge, Gew\u00fcrztraminer und Pinots Gris. Pinot Noir ist der einzige Rotwein aus dem Elsass, frisch, leicht und fruchtig. Aus Pinot Noir werden auch Schaumweine, sogenannte Cr\u00e9mants d\u2019Alsace, hergestellt. Elsass-Weine sind aromatisch, blumig, w\u00fcrzig und weltweit f\u00fcr ihre Finesse und Eleganz bekannt. Verpassen Sie nicht, auch die 51 Grands Crus des Elsass zu entdecken, die die Komplexit\u00e4t und den Reichtum des els\u00e4ssischen Weinbergs widerspiegeln.<\/p>\n","protected":false},"excerpt":{"rendered":"<p>Eine legend\u00e4re Route, eine Reihe malerischer D\u00f6rfer, atemberaubende Landschaften, leidenschaftliche Winzer &#8230; Der els\u00e4ssische Weinberg produziert haupts\u00e4chlich Wei\u00dfweine, Schaumweine sowie einige Ros\u00e9- und Rotweine. Genau wie in Deutschland finden Sie hier k\u00f6stliche Rieslinge, Gew\u00fcrztraminer und Pinots Gris. Pinot Noir ist der einzige Rotwein aus dem Elsass, frisch, leicht und fruchtig. Aus Pinot Noir werden auch [&hellip;]<\/p>\n","protected":false},"author":19,"featured_media":0,"parent":776,"menu_order":4,"comment_status":"closed","ping_status":"closed","template":"template-surroundings.php","meta":{"footnotes":""},"yoast_head":"<!-- This site is optimized with the Yoast SEO plugin v22.3 - https:\/\/yoast.com\/wordpress\/plugins\/seo\/ -->\n<title>Route des Vins d&#039;Alsace - Best Western Au Cheval Blanc Mulhouse Nord<\/title>\n<meta name=\"robots\" content=\"index, follow, max-snippet:-1, max-image-preview:large, max-video-preview:-1\" \/>\n<link rel=\"canonical\" href=\"https:\/\/www.bestwestern-chevalblanc.com\/de\/tourismus-im-elsass\/route-des-vins-dalsace\/\" \/>\n<meta property=\"og:locale\" content=\"de_DE\" \/>\n<meta property=\"og:type\" content=\"article\" \/>\n<meta property=\"og:title\" content=\"Route des Vins d&#039;Alsace - Best Western Au Cheval Blanc Mulhouse Nord\" \/>\n<meta property=\"og:description\" content=\"Eine legend\u00e4re Route, eine Reihe malerischer D\u00f6rfer, atemberaubende Landschaften, leidenschaftliche Winzer &#8230; Der els\u00e4ssische Weinberg produziert haupts\u00e4chlich Wei\u00dfweine, Schaumweine sowie einige Ros\u00e9- und Rotweine. Genau wie in Deutschland finden Sie hier k\u00f6stliche Rieslinge, Gew\u00fcrztraminer und Pinots Gris. Pinot Noir ist der einzige Rotwein aus dem Elsass, frisch, leicht und fruchtig. Aus Pinot Noir werden auch [&hellip;]\" \/>\n<meta property=\"og:url\" content=\"https:\/\/www.bestwestern-chevalblanc.com\/de\/tourismus-im-elsass\/route-des-vins-dalsace\/\" \/>\n<meta property=\"og:site_name\" content=\"Best Western Au Cheval Blanc Mulhouse Nord\" \/>\n<meta property=\"article:modified_time\" content=\"2023-09-21T12:28:37+00:00\" \/>\n<meta name=\"twitter:card\" content=\"summary_large_image\" \/>\n<meta name=\"twitter:label1\" content=\"Gesch\u00e4tzte Lesezeit\" \/>\n\t<meta name=\"twitter:data1\" content=\"1 Minute\" \/>\n<script type=\"application\/ld+json\" class=\"yoast-schema-graph\">{\"@context\":\"https:\/\/schema.org\",\"@graph\":[{\"@type\":\"WebPage\",\"@id\":\"https:\/\/www.bestwestern-chevalblanc.com\/de\/tourismus-im-elsass\/route-des-vins-dalsace\/\",\"url\":\"https:\/\/www.bestwestern-chevalblanc.com\/de\/tourismus-im-elsass\/route-des-vins-dalsace\/\",\"name\":\"Route des Vins d'Alsace - Best Western Au Cheval Blanc Mulhouse Nord\",\"isPartOf\":{\"@id\":\"https:\/\/www.bestwestern-chevalblanc.com\/de\/#website\"},\"datePublished\":\"2023-08-03T14:03:49+00:00\",\"dateModified\":\"2023-09-21T12:28:37+00:00\",\"breadcrumb\":{\"@id\":\"https:\/\/www.bestwestern-chevalblanc.com\/de\/tourismus-im-elsass\/route-des-vins-dalsace\/#breadcrumb\"},\"inLanguage\":\"de-DE\",\"potentialAction\":[{\"@type\":\"ReadAction\",\"target\":[\"https:\/\/www.bestwestern-chevalblanc.com\/de\/tourismus-im-elsass\/route-des-vins-dalsace\/\"]}]},{\"@type\":\"BreadcrumbList\",\"@id\":\"https:\/\/www.bestwestern-chevalblanc.com\/de\/tourismus-im-elsass\/route-des-vins-dalsace\/#breadcrumb\",\"itemListElement\":[{\"@type\":\"ListItem\",\"position\":1,\"name\":\"Accueil\",\"item\":\"https:\/\/www.bestwestern-chevalblanc.com\/de\/\"},{\"@type\":\"ListItem\",\"position\":2,\"name\":\"Tourismus im Elsass\",\"item\":\"https:\/\/www.bestwestern-chevalblanc.com\/de\/tourismus-im-elsass\/\"},{\"@type\":\"ListItem\",\"position\":3,\"name\":\"Route des Vins d&#8217;Alsace\"}]},{\"@type\":\"WebSite\",\"@id\":\"https:\/\/www.bestwestern-chevalblanc.com\/de\/#website\",\"url\":\"https:\/\/www.bestwestern-chevalblanc.com\/de\/\",\"name\":\"Best Western Au Cheval Blanc Mulhouse Nord\",\"description\":\"\",\"potentialAction\":[{\"@type\":\"SearchAction\",\"target\":{\"@type\":\"EntryPoint\",\"urlTemplate\":\"https:\/\/www.bestwestern-chevalblanc.com\/de\/?s={search_term_string}\"},\"query-input\":\"required name=search_term_string\"}],\"inLanguage\":\"de-DE\"}]}<\/script>\n<!-- \/ Yoast SEO plugin. -->","yoast_head_json":{"title":"Route des Vins d'Alsace - Best Western Au Cheval Blanc Mulhouse Nord","robots":{"index":"index","follow":"follow","max-snippet":"max-snippet:-1","max-image-preview":"max-image-preview:large","max-video-preview":"max-video-preview:-1"},"canonical":"https:\/\/www.bestwestern-chevalblanc.com\/de\/tourismus-im-elsass\/route-des-vins-dalsace\/","og_locale":"de_DE","og_type":"article","og_title":"Route des Vins d'Alsace - Best Western Au Cheval Blanc Mulhouse Nord","og_description":"Eine legend\u00e4re Route, eine Reihe malerischer D\u00f6rfer, atemberaubende Landschaften, leidenschaftliche Winzer &#8230; Der els\u00e4ssische Weinberg produziert haupts\u00e4chlich Wei\u00dfweine, Schaumweine sowie einige Ros\u00e9- und Rotweine. Genau wie in Deutschland finden Sie hier k\u00f6stliche Rieslinge, Gew\u00fcrztraminer und Pinots Gris. Pinot Noir ist der einzige Rotwein aus dem Elsass, frisch, leicht und fruchtig. Aus Pinot Noir werden auch [&hellip;]","og_url":"https:\/\/www.bestwestern-chevalblanc.com\/de\/tourismus-im-elsass\/route-des-vins-dalsace\/","og_site_name":"Best Western Au Cheval Blanc Mulhouse Nord","article_modified_time":"2023-09-21T12:28:37+00:00","twitter_card":"summary_large_image","twitter_misc":{"Gesch\u00e4tzte Lesezeit":"1 Minute"},"schema":{"@context":"https:\/\/schema.org","@graph":[{"@type":"WebPage","@id":"https:\/\/www.bestwestern-chevalblanc.com\/de\/tourismus-im-elsass\/route-des-vins-dalsace\/","url":"https:\/\/www.bestwestern-chevalblanc.com\/de\/tourismus-im-elsass\/route-des-vins-dalsace\/","name":"Route des Vins d'Alsace - Best Western Au Cheval Blanc Mulhouse Nord","isPartOf":{"@id":"https:\/\/www.bestwestern-chevalblanc.com\/de\/#website"},"datePublished":"2023-08-03T14:03:49+00:00","dateModified":"2023-09-21T12:28:37+00:00","breadcrumb":{"@id":"https:\/\/www.bestwestern-chevalblanc.com\/de\/tourismus-im-elsass\/route-des-vins-dalsace\/#breadcrumb"},"inLanguage":"de-DE","potentialAction":[{"@type":"ReadAction","target":["https:\/\/www.bestwestern-chevalblanc.com\/de\/tourismus-im-elsass\/route-des-vins-dalsace\/"]}]},{"@type":"BreadcrumbList","@id":"https:\/\/www.bestwestern-chevalblanc.com\/de\/tourismus-im-elsass\/route-des-vins-dalsace\/#breadcrumb","itemListElement":[{"@type":"ListItem","position":1,"name":"Accueil","item":"https:\/\/www.bestwestern-chevalblanc.com\/de\/"},{"@type":"ListItem","position":2,"name":"Tourismus im Elsass","item":"https:\/\/www.bestwestern-chevalblanc.com\/de\/tourismus-im-elsass\/"},{"@type":"ListItem","position":3,"name":"Route des Vins d&#8217;Alsace"}]},{"@type":"WebSite","@id":"https:\/\/www.bestwestern-chevalblanc.com\/de\/#website","url":"https:\/\/www.bestwestern-chevalblanc.com\/de\/","name":"Best Western Au Cheval Blanc Mulhouse Nord","description":"","potentialAction":[{"@type":"SearchAction","target":{"@type":"EntryPoint","urlTemplate":"https:\/\/www.bestwestern-chevalblanc.com\/de\/?s={search_term_string}"},"query-input":"required name=search_term_string"}],"inLanguage":"de-DE"}]}},"acf":[],"_links":{"self":[{"href":"https:\/\/www.bestwestern-chevalblanc.com\/de\/wp-json\/wp\/v2\/pages\/786"}],"collection":[{"href":"https:\/\/www.bestwestern-chevalblanc.com\/de\/wp-json\/wp\/v2\/pages"}],"about":[{"href":"https:\/\/www.bestwestern-chevalblanc.com\/de\/wp-json\/wp\/v2\/types\/page"}],"author":[{"embeddable":true,"href":"https:\/\/www.bestwestern-chevalblanc.com\/de\/wp-json\/wp\/v2\/users\/19"}],"replies":[{"embeddable":true,"href":"https:\/\/www.bestwestern-chevalblanc.com\/de\/wp-json\/wp\/v2\/comments?post=786"}],"version-history":[{"count":0,"href":"https:\/\/www.bestwestern-chevalblanc.com\/de\/wp-json\/wp\/v2\/pages\/786\/revisions"}],"up":[{"embeddable":true,"href":"https:\/\/www.bestwestern-chevalblanc.com\/de\/wp-json\/wp\/v2\/pages\/776"}],"wp:attachment":[{"href":"https:\/\/www.bestwestern-chevalblanc.com\/de\/wp-json\/wp\/v2\/media?parent=786"}],"curies":[{"name":"wp","href":"https:\/\/api.w.org\/{rel}","templated":true}]}}