{"id":787,"date":"2023-08-03T16:04:44","date_gmt":"2023-08-03T14:04:44","guid":{"rendered":"https:\/\/bw-au-cheval-blanc.ms2.decms.eu\/tourismus-im-elsass\/392-2\/"},"modified":"2023-09-21T14:28:45","modified_gmt":"2023-09-21T12:28:45","slug":"392-2","status":"publish","type":"page","link":"https:\/\/www.bestwestern-chevalblanc.com\/de\/tourismus-im-elsass\/392-2\/","title":{"rendered":"Villages typiques alsaciens"},"content":{"rendered":"<p>Hier finden Sie eine nicht ersch\u00f6pfende Auswahl an D\u00f6rfern, die als die sch\u00f6nsten in Frankreich gelten&#8230; typische D\u00f6rfer, die man besuchen sollte: Kaysersberg, Riquewihr, Ribeauvill\u00e9, Obernai, Bergheim&#8230; und, um es noch gr\u00f6\u00dfer zu sehen, Colmar, die Hauptstadt der Weine.\u201c des Elsass, Eguisheim, &#8230; Am s\u00fcdlichen Ausgang von Colmar gelegen, lockt Eguisheim, Frankreichs beliebtestes Dorf im Jahr 2013, jedes Jahr viele Besucher an.<\/p>\n<p>Schlendern Sie durch die gepflasterten Stra\u00dfen des Dorfes und bewundern Sie seine geringe Gr\u00f6\u00dfe, seine einzigartige Architektur, seine \u00fcppigen Blumen im Sommer und vieles mehr!<\/p>\n<p>Wenn die Weihnachtszeit kommt, ist Eguisheim mit seinem authentischen Charme geschm\u00fcckt und es werden zahlreiche Aktivit\u00e4ten rund um den Weihnachtsmarkt organisiert.<\/p>\n","protected":false},"excerpt":{"rendered":"<p>Hier finden Sie eine nicht ersch\u00f6pfende Auswahl an D\u00f6rfern, die als die sch\u00f6nsten in Frankreich gelten&#8230; typische D\u00f6rfer, die man besuchen sollte: Kaysersberg, Riquewihr, Ribeauvill\u00e9, Obernai, Bergheim&#8230; und, um es noch gr\u00f6\u00dfer zu sehen, Colmar, die Hauptstadt der Weine.\u201c des Elsass, Eguisheim, &#8230; Am s\u00fcdlichen Ausgang von Colmar gelegen, lockt Eguisheim, Frankreichs beliebtestes Dorf im [&hellip;]<\/p>\n","protected":false},"author":19,"featured_media":0,"parent":776,"menu_order":3,"comment_status":"closed","ping_status":"closed","template":"template-surroundings.php","meta":{"footnotes":""},"class_list":["post-787","page","type-page","status-publish","hentry"],"yoast_head":"<!-- This site is optimized with the Yoast SEO plugin v27.3 - https:\/\/yoast.com\/product\/yoast-seo-wordpress\/ -->\n<title>Villages typiques alsaciens - Best Western Au Cheval Blanc Mulhouse Nord<\/title>\n<meta name=\"robots\" content=\"index, follow, max-snippet:-1, max-image-preview:large, max-video-preview:-1\" \/>\n<link rel=\"canonical\" href=\"https:\/\/www.bestwestern-chevalblanc.com\/de\/tourismus-im-elsass\/392-2\/\" \/>\n<meta property=\"og:locale\" content=\"de_DE\" \/>\n<meta property=\"og:type\" content=\"article\" \/>\n<meta property=\"og:title\" content=\"Villages typiques alsaciens - Best Western Au Cheval Blanc Mulhouse Nord\" \/>\n<meta property=\"og:description\" content=\"Hier finden Sie eine nicht ersch\u00f6pfende Auswahl an D\u00f6rfern, die als die sch\u00f6nsten in Frankreich gelten&#8230; typische D\u00f6rfer, die man besuchen sollte: Kaysersberg, Riquewihr, Ribeauvill\u00e9, Obernai, Bergheim&#8230; und, um es noch gr\u00f6\u00dfer zu sehen, Colmar, die Hauptstadt der Weine.\u201c des Elsass, Eguisheim, &#8230; Am s\u00fcdlichen Ausgang von Colmar gelegen, lockt Eguisheim, Frankreichs beliebtestes Dorf im [&hellip;]\" \/>\n<meta property=\"og:url\" content=\"https:\/\/www.bestwestern-chevalblanc.com\/de\/tourismus-im-elsass\/392-2\/\" \/>\n<meta property=\"og:site_name\" content=\"Best Western Au Cheval Blanc Mulhouse Nord\" \/>\n<meta property=\"article:modified_time\" content=\"2023-09-21T12:28:45+00:00\" \/>\n<meta name=\"twitter:card\" content=\"summary_large_image\" \/>\n<meta name=\"twitter:label1\" content=\"Gesch\u00e4tzte Lesezeit\" \/>\n\t<meta name=\"twitter:data1\" content=\"1 Minute\" \/>\n<script type=\"application\/ld+json\" class=\"yoast-schema-graph\">{\"@context\":\"https:\\\/\\\/schema.org\",\"@graph\":[{\"@type\":\"WebPage\",\"@id\":\"https:\\\/\\\/www.bestwestern-chevalblanc.com\\\/de\\\/tourismus-im-elsass\\\/392-2\\\/\",\"url\":\"https:\\\/\\\/www.bestwestern-chevalblanc.com\\\/de\\\/tourismus-im-elsass\\\/392-2\\\/\",\"name\":\"Villages typiques alsaciens - Best Western Au Cheval Blanc Mulhouse Nord\",\"isPartOf\":{\"@id\":\"https:\\\/\\\/www.bestwestern-chevalblanc.com\\\/de\\\/#website\"},\"datePublished\":\"2023-08-03T14:04:44+00:00\",\"dateModified\":\"2023-09-21T12:28:45+00:00\",\"breadcrumb\":{\"@id\":\"https:\\\/\\\/www.bestwestern-chevalblanc.com\\\/de\\\/tourismus-im-elsass\\\/392-2\\\/#breadcrumb\"},\"inLanguage\":\"de-DE\",\"potentialAction\":[{\"@type\":\"ReadAction\",\"target\":[\"https:\\\/\\\/www.bestwestern-chevalblanc.com\\\/de\\\/tourismus-im-elsass\\\/392-2\\\/\"]}]},{\"@type\":\"BreadcrumbList\",\"@id\":\"https:\\\/\\\/www.bestwestern-chevalblanc.com\\\/de\\\/tourismus-im-elsass\\\/392-2\\\/#breadcrumb\",\"itemListElement\":[{\"@type\":\"ListItem\",\"position\":1,\"name\":\"Accueil\",\"item\":\"https:\\\/\\\/www.bestwestern-chevalblanc.com\\\/de\\\/\"},{\"@type\":\"ListItem\",\"position\":2,\"name\":\"Tourismus im Elsass\",\"item\":\"https:\\\/\\\/www.bestwestern-chevalblanc.com\\\/de\\\/tourismus-im-elsass\\\/\"},{\"@type\":\"ListItem\",\"position\":3,\"name\":\"Villages typiques alsaciens\"}]},{\"@type\":\"WebSite\",\"@id\":\"https:\\\/\\\/www.bestwestern-chevalblanc.com\\\/de\\\/#website\",\"url\":\"https:\\\/\\\/www.bestwestern-chevalblanc.com\\\/de\\\/\",\"name\":\"Best Western Au Cheval Blanc Mulhouse Nord\",\"description\":\"\",\"potentialAction\":[{\"@type\":\"SearchAction\",\"target\":{\"@type\":\"EntryPoint\",\"urlTemplate\":\"https:\\\/\\\/www.bestwestern-chevalblanc.com\\\/de\\\/?s={search_term_string}\"},\"query-input\":{\"@type\":\"PropertyValueSpecification\",\"valueRequired\":true,\"valueName\":\"search_term_string\"}}],\"inLanguage\":\"de-DE\"}]}<\/script>\n<!-- \/ Yoast SEO plugin. -->","yoast_head_json":{"title":"Villages typiques alsaciens - Best Western Au Cheval Blanc Mulhouse Nord","robots":{"index":"index","follow":"follow","max-snippet":"max-snippet:-1","max-image-preview":"max-image-preview:large","max-video-preview":"max-video-preview:-1"},"canonical":"https:\/\/www.bestwestern-chevalblanc.com\/de\/tourismus-im-elsass\/392-2\/","og_locale":"de_DE","og_type":"article","og_title":"Villages typiques alsaciens - Best Western Au Cheval Blanc Mulhouse Nord","og_description":"Hier finden Sie eine nicht ersch\u00f6pfende Auswahl an D\u00f6rfern, die als die sch\u00f6nsten in Frankreich gelten&#8230; typische D\u00f6rfer, die man besuchen sollte: Kaysersberg, Riquewihr, Ribeauvill\u00e9, Obernai, Bergheim&#8230; und, um es noch gr\u00f6\u00dfer zu sehen, Colmar, die Hauptstadt der Weine.\u201c des Elsass, Eguisheim, &#8230; Am s\u00fcdlichen Ausgang von Colmar gelegen, lockt Eguisheim, Frankreichs beliebtestes Dorf im [&hellip;]","og_url":"https:\/\/www.bestwestern-chevalblanc.com\/de\/tourismus-im-elsass\/392-2\/","og_site_name":"Best Western Au Cheval Blanc Mulhouse Nord","article_modified_time":"2023-09-21T12:28:45+00:00","twitter_card":"summary_large_image","twitter_misc":{"Gesch\u00e4tzte Lesezeit":"1 Minute"},"schema":{"@context":"https:\/\/schema.org","@graph":[{"@type":"WebPage","@id":"https:\/\/www.bestwestern-chevalblanc.com\/de\/tourismus-im-elsass\/392-2\/","url":"https:\/\/www.bestwestern-chevalblanc.com\/de\/tourismus-im-elsass\/392-2\/","name":"Villages typiques alsaciens - Best Western Au Cheval Blanc Mulhouse Nord","isPartOf":{"@id":"https:\/\/www.bestwestern-chevalblanc.com\/de\/#website"},"datePublished":"2023-08-03T14:04:44+00:00","dateModified":"2023-09-21T12:28:45+00:00","breadcrumb":{"@id":"https:\/\/www.bestwestern-chevalblanc.com\/de\/tourismus-im-elsass\/392-2\/#breadcrumb"},"inLanguage":"de-DE","potentialAction":[{"@type":"ReadAction","target":["https:\/\/www.bestwestern-chevalblanc.com\/de\/tourismus-im-elsass\/392-2\/"]}]},{"@type":"BreadcrumbList","@id":"https:\/\/www.bestwestern-chevalblanc.com\/de\/tourismus-im-elsass\/392-2\/#breadcrumb","itemListElement":[{"@type":"ListItem","position":1,"name":"Accueil","item":"https:\/\/www.bestwestern-chevalblanc.com\/de\/"},{"@type":"ListItem","position":2,"name":"Tourismus im Elsass","item":"https:\/\/www.bestwestern-chevalblanc.com\/de\/tourismus-im-elsass\/"},{"@type":"ListItem","position":3,"name":"Villages typiques alsaciens"}]},{"@type":"WebSite","@id":"https:\/\/www.bestwestern-chevalblanc.com\/de\/#website","url":"https:\/\/www.bestwestern-chevalblanc.com\/de\/","name":"Best Western Au Cheval Blanc Mulhouse Nord","description":"","potentialAction":[{"@type":"SearchAction","target":{"@type":"EntryPoint","urlTemplate":"https:\/\/www.bestwestern-chevalblanc.com\/de\/?s={search_term_string}"},"query-input":{"@type":"PropertyValueSpecification","valueRequired":true,"valueName":"search_term_string"}}],"inLanguage":"de-DE"}]}},"acf":[],"_links":{"self":[{"href":"https:\/\/www.bestwestern-chevalblanc.com\/de\/wp-json\/wp\/v2\/pages\/787","targetHints":{"allow":["GET"]}}],"collection":[{"href":"https:\/\/www.bestwestern-chevalblanc.com\/de\/wp-json\/wp\/v2\/pages"}],"about":[{"href":"https:\/\/www.bestwestern-chevalblanc.com\/de\/wp-json\/wp\/v2\/types\/page"}],"author":[{"embeddable":true,"href":"https:\/\/www.bestwestern-chevalblanc.com\/de\/wp-json\/wp\/v2\/users\/19"}],"replies":[{"embeddable":true,"href":"https:\/\/www.bestwestern-chevalblanc.com\/de\/wp-json\/wp\/v2\/comments?post=787"}],"version-history":[{"count":0,"href":"https:\/\/www.bestwestern-chevalblanc.com\/de\/wp-json\/wp\/v2\/pages\/787\/revisions"}],"up":[{"embeddable":true,"href":"https:\/\/www.bestwestern-chevalblanc.com\/de\/wp-json\/wp\/v2\/pages\/776"}],"wp:attachment":[{"href":"https:\/\/www.bestwestern-chevalblanc.com\/de\/wp-json\/wp\/v2\/media?parent=787"}],"curies":[{"name":"wp","href":"https:\/\/api.w.org\/{rel}","templated":true}]}}