{"id":674,"date":"2023-08-03T15:55:07","date_gmt":"2023-08-03T13:55:07","guid":{"rendered":"https:\/\/bw-au-cheval-blanc.ms2.decms.eu\/musee-automobile-mulhouse\/"},"modified":"2023-09-20T16:03:31","modified_gmt":"2023-09-20T14:03:31","slug":"musee-automobile-mulhouse","status":"publish","type":"page","link":"https:\/\/www.bestwestern-chevalblanc.com\/en\/holidays-in-alsace\/musee-automobile-mulhouse\/","title":{"rendered":"Mus\u00e9e Automobile Mulhouse"},"content":{"rendered":"<p>The world most exciting car collection is in Mulhouse ! <\/p>\n","protected":false},"excerpt":{"rendered":"<p>The world most exciting car collection is in Mulhouse !<\/p>\n","protected":false},"author":19,"featured_media":0,"parent":703,"menu_order":0,"comment_status":"closed","ping_status":"closed","template":"template-surroundings.php","meta":{"footnotes":""},"yoast_head":"<!-- This site is optimized with the Yoast SEO plugin v22.3 - https:\/\/yoast.com\/wordpress\/plugins\/seo\/ -->\n<title>Mus\u00e9e Automobile Mulhouse | H\u00f4tel Au Cheval Blanc<\/title>\n<meta name=\"description\" content=\"Take advantage of the location of our H\u00f4tel Au Cheval Blanc Mulhouse and immerse yourself in the fascinating history of the National Automobile Museum. With the largest number of exhibitions in the world, this museum is a must-see!\" \/>\n<meta name=\"robots\" content=\"index, follow, max-snippet:-1, max-image-preview:large, max-video-preview:-1\" \/>\n<link rel=\"canonical\" href=\"https:\/\/www.bestwestern-chevalblanc.com\/en\/holidays-in-alsace\/musee-automobile-mulhouse\/\" \/>\n<meta property=\"og:locale\" content=\"en_US\" \/>\n<meta property=\"og:type\" content=\"article\" \/>\n<meta property=\"og:title\" content=\"Mus\u00e9e Automobile Mulhouse | H\u00f4tel Au Cheval Blanc\" \/>\n<meta property=\"og:description\" content=\"Take advantage of the location of our H\u00f4tel Au Cheval Blanc Mulhouse and immerse yourself in the fascinating history of the National Automobile Museum. With the largest number of exhibitions in the world, this museum is a must-see!\" \/>\n<meta property=\"og:url\" content=\"https:\/\/www.bestwestern-chevalblanc.com\/en\/holidays-in-alsace\/musee-automobile-mulhouse\/\" \/>\n<meta property=\"og:site_name\" content=\"Best Western Au Cheval Blanc Mulhouse Nord\" \/>\n<meta property=\"article:modified_time\" content=\"2023-09-20T14:03:31+00:00\" \/>\n<meta name=\"twitter:card\" content=\"summary_large_image\" \/>\n<script type=\"application\/ld+json\" class=\"yoast-schema-graph\">{\"@context\":\"https:\/\/schema.org\",\"@graph\":[{\"@type\":\"WebPage\",\"@id\":\"https:\/\/www.bestwestern-chevalblanc.com\/en\/holidays-in-alsace\/musee-automobile-mulhouse\/\",\"url\":\"https:\/\/www.bestwestern-chevalblanc.com\/en\/holidays-in-alsace\/musee-automobile-mulhouse\/\",\"name\":\"Mus\u00e9e Automobile Mulhouse | H\u00f4tel Au Cheval Blanc\",\"isPartOf\":{\"@id\":\"https:\/\/www.bestwestern-chevalblanc.com\/en\/#website\"},\"datePublished\":\"2023-08-03T13:55:07+00:00\",\"dateModified\":\"2023-09-20T14:03:31+00:00\",\"description\":\"Take advantage of the location of our H\u00f4tel Au Cheval Blanc Mulhouse and immerse yourself in the fascinating history of the National Automobile Museum. With the largest number of exhibitions in the world, this museum is a must-see!\",\"breadcrumb\":{\"@id\":\"https:\/\/www.bestwestern-chevalblanc.com\/en\/holidays-in-alsace\/musee-automobile-mulhouse\/#breadcrumb\"},\"inLanguage\":\"en-US\",\"potentialAction\":[{\"@type\":\"ReadAction\",\"target\":[\"https:\/\/www.bestwestern-chevalblanc.com\/en\/holidays-in-alsace\/musee-automobile-mulhouse\/\"]}]},{\"@type\":\"BreadcrumbList\",\"@id\":\"https:\/\/www.bestwestern-chevalblanc.com\/en\/holidays-in-alsace\/musee-automobile-mulhouse\/#breadcrumb\",\"itemListElement\":[{\"@type\":\"ListItem\",\"position\":1,\"name\":\"Accueil\",\"item\":\"https:\/\/www.bestwestern-chevalblanc.com\/en\/\"},{\"@type\":\"ListItem\",\"position\":2,\"name\":\"Holidays in Alsace\",\"item\":\"https:\/\/www.bestwestern-chevalblanc.com\/en\/holidays-in-alsace\/\"},{\"@type\":\"ListItem\",\"position\":3,\"name\":\"Mus\u00e9e Automobile Mulhouse\"}]},{\"@type\":\"WebSite\",\"@id\":\"https:\/\/www.bestwestern-chevalblanc.com\/en\/#website\",\"url\":\"https:\/\/www.bestwestern-chevalblanc.com\/en\/\",\"name\":\"Best Western Au Cheval Blanc Mulhouse Nord\",\"description\":\"\",\"potentialAction\":[{\"@type\":\"SearchAction\",\"target\":{\"@type\":\"EntryPoint\",\"urlTemplate\":\"https:\/\/www.bestwestern-chevalblanc.com\/en\/?s={search_term_string}\"},\"query-input\":\"required name=search_term_string\"}],\"inLanguage\":\"en-US\"}]}<\/script>\n<!-- \/ Yoast SEO plugin. -->","yoast_head_json":{"title":"Mus\u00e9e Automobile Mulhouse | H\u00f4tel Au Cheval Blanc","description":"Take advantage of the location of our H\u00f4tel Au Cheval Blanc Mulhouse and immerse yourself in the fascinating history of the National Automobile Museum. With the largest number of exhibitions in the world, this museum is a must-see!","robots":{"index":"index","follow":"follow","max-snippet":"max-snippet:-1","max-image-preview":"max-image-preview:large","max-video-preview":"max-video-preview:-1"},"canonical":"https:\/\/www.bestwestern-chevalblanc.com\/en\/holidays-in-alsace\/musee-automobile-mulhouse\/","og_locale":"en_US","og_type":"article","og_title":"Mus\u00e9e Automobile Mulhouse | H\u00f4tel Au Cheval Blanc","og_description":"Take advantage of the location of our H\u00f4tel Au Cheval Blanc Mulhouse and immerse yourself in the fascinating history of the National Automobile Museum. With the largest number of exhibitions in the world, this museum is a must-see!","og_url":"https:\/\/www.bestwestern-chevalblanc.com\/en\/holidays-in-alsace\/musee-automobile-mulhouse\/","og_site_name":"Best Western Au Cheval Blanc Mulhouse Nord","article_modified_time":"2023-09-20T14:03:31+00:00","twitter_card":"summary_large_image","schema":{"@context":"https:\/\/schema.org","@graph":[{"@type":"WebPage","@id":"https:\/\/www.bestwestern-chevalblanc.com\/en\/holidays-in-alsace\/musee-automobile-mulhouse\/","url":"https:\/\/www.bestwestern-chevalblanc.com\/en\/holidays-in-alsace\/musee-automobile-mulhouse\/","name":"Mus\u00e9e Automobile Mulhouse | H\u00f4tel Au Cheval Blanc","isPartOf":{"@id":"https:\/\/www.bestwestern-chevalblanc.com\/en\/#website"},"datePublished":"2023-08-03T13:55:07+00:00","dateModified":"2023-09-20T14:03:31+00:00","description":"Take advantage of the location of our H\u00f4tel Au Cheval Blanc Mulhouse and immerse yourself in the fascinating history of the National Automobile Museum. With the largest number of exhibitions in the world, this museum is a must-see!","breadcrumb":{"@id":"https:\/\/www.bestwestern-chevalblanc.com\/en\/holidays-in-alsace\/musee-automobile-mulhouse\/#breadcrumb"},"inLanguage":"en-US","potentialAction":[{"@type":"ReadAction","target":["https:\/\/www.bestwestern-chevalblanc.com\/en\/holidays-in-alsace\/musee-automobile-mulhouse\/"]}]},{"@type":"BreadcrumbList","@id":"https:\/\/www.bestwestern-chevalblanc.com\/en\/holidays-in-alsace\/musee-automobile-mulhouse\/#breadcrumb","itemListElement":[{"@type":"ListItem","position":1,"name":"Accueil","item":"https:\/\/www.bestwestern-chevalblanc.com\/en\/"},{"@type":"ListItem","position":2,"name":"Holidays in Alsace","item":"https:\/\/www.bestwestern-chevalblanc.com\/en\/holidays-in-alsace\/"},{"@type":"ListItem","position":3,"name":"Mus\u00e9e Automobile Mulhouse"}]},{"@type":"WebSite","@id":"https:\/\/www.bestwestern-chevalblanc.com\/en\/#website","url":"https:\/\/www.bestwestern-chevalblanc.com\/en\/","name":"Best Western Au Cheval Blanc Mulhouse Nord","description":"","potentialAction":[{"@type":"SearchAction","target":{"@type":"EntryPoint","urlTemplate":"https:\/\/www.bestwestern-chevalblanc.com\/en\/?s={search_term_string}"},"query-input":"required name=search_term_string"}],"inLanguage":"en-US"}]}},"acf":[],"_links":{"self":[{"href":"https:\/\/www.bestwestern-chevalblanc.com\/en\/wp-json\/wp\/v2\/pages\/674"}],"collection":[{"href":"https:\/\/www.bestwestern-chevalblanc.com\/en\/wp-json\/wp\/v2\/pages"}],"about":[{"href":"https:\/\/www.bestwestern-chevalblanc.com\/en\/wp-json\/wp\/v2\/types\/page"}],"author":[{"embeddable":true,"href":"https:\/\/www.bestwestern-chevalblanc.com\/en\/wp-json\/wp\/v2\/users\/19"}],"replies":[{"embeddable":true,"href":"https:\/\/www.bestwestern-chevalblanc.com\/en\/wp-json\/wp\/v2\/comments?post=674"}],"version-history":[{"count":0,"href":"https:\/\/www.bestwestern-chevalblanc.com\/en\/wp-json\/wp\/v2\/pages\/674\/revisions"}],"up":[{"embeddable":true,"href":"https:\/\/www.bestwestern-chevalblanc.com\/en\/wp-json\/wp\/v2\/pages\/703"}],"wp:attachment":[{"href":"https:\/\/www.bestwestern-chevalblanc.com\/en\/wp-json\/wp\/v2\/media?parent=674"}],"curies":[{"name":"wp","href":"https:\/\/api.w.org\/{rel}","templated":true}]}}