{"id":680,"date":"2023-06-02T16:08:08","date_gmt":"2023-06-02T14:08:08","guid":{"rendered":"https:\/\/bw-au-cheval-blanc.ms2.decms.eu\/mentions-legales\/"},"modified":"2023-09-20T13:06:15","modified_gmt":"2023-09-20T11:06:15","slug":"legal-notice","status":"publish","type":"page","link":"https:\/\/www.bestwestern-chevalblanc.com\/en\/legal-notice\/","title":{"rendered":"Legal Notice"},"content":{"rendered":"<p>Vous \u00eates actuellement connect\u00e9 au site &#8220;www.bestwestern-chevalblanc.com&#8221;, \u00e9dit\u00e9 par :<br \/>\nSA HOTEL-RESTAURANT AU CHEVAL BLANC<br \/>\n27 RUE PRINCIPALE &#8211; 68390 BALDERSHEIM<br \/>\nT\u00e9l\u00e9phone : +33 (0)3 89 45 45 44<br \/>\nEmail : reservation@hotel-cheval-blanc.com<br \/>\nRCS : Mulhouse B 319 671 749<br \/>\nTVA : FR 24 319671749<br \/>\nAssurance responsabilit\u00e9 professionnelle : Multirisques professionnelle des h\u00f4teliers GEA No 6869140004<br \/>\nCapital social : 38 210,00 \u20ac<br \/>\nPublication : Gaetan LOEB<br \/>\nM\u00e9diation du commerce :<br \/>\nApr\u00e8s avoir saisi le service r\u00e9servations et \u00e0 d\u00e9faut de r\u00e9ponse satisfaisante dans un d\u00e9lai raisonnable, le client peut saisir le M\u00e9diateur du Tourisme et du Voyage, dont les coordonn\u00e9es et modalit\u00e9s de saisine sont disponibles sur son site : www.mtv.travel<br \/>\nH\u00e9bergement :<\/p>\n<p>L&#8217;\u00e9diteur s&#8217;engage \u00e0 respecter l&#8217;ensemble des lois concernant la mise en place et l&#8217;activit\u00e9 d&#8217;un site Internet.<br \/>\nINFORMATIONS TECHNIQUES<br \/>\nIl est rappel\u00e9 que le secret des correspondances n&#8217;est pas garanti sur le r\u00e9seau Internet et qu&#8217;il appartient \u00e0 chaque utilisateur d&#8217;Internet de prendre toutes les mesures appropri\u00e9es de fa\u00e7on \u00e0 prot\u00e9ger ses propres donn\u00e9es et\/ou logiciels de la contamination d&#8217;\u00e9ventuels virus circulant sur Internet.<br \/>\nCHARTE \u00c9DITORIALE<br \/>\nLe site &#8220;&#8221;www.bestwestern-chevalblanc.com&#8221;&#8221; est un site de pr\u00e9sentation des services propos\u00e9s par l&#8217;HOTEL-RESTAURANT AU CHEVAL BLANC. Il est compl\u00e9t\u00e9 par des outils de simulation.<br \/>\nLa pr\u00e9sentation des produits, prises de vue ou graphismes reste indicative et ne peut engager la responsabilit\u00e9 de l&#8217;HOTEL-RESTAURANT AU CHEVAL BLANC, ni m\u00eame remettre en cause la validit\u00e9 de la commande.<br \/>\nDONN\u00c9ES PERSONNELLES<br \/>\nLes informations que vous saisirez seront enregistr\u00e9es par l&#8217;HOTEL-RESTAURANT AU CHEVAL BLANC, elles seront analys\u00e9es et transmises aux diff\u00e9rents services concern\u00e9s pour leur prise en charge.<br \/>\nVous disposez d&#8217;un droit d&#8217;acc\u00e8s, de modification, de rectification et de suppression concernant les donn\u00e9es collect\u00e9es sur ce site, dans les conditions pr\u00e9vues par l&#8217;article 31 de la loi du 6 janvier 1978 modifi\u00e9e, relative \u00e0 l&#8217;informatique, aux fichiers et aux libert\u00e9s.<br \/>\nPour l&#8217;exercer, adressez-vous par courrier au gestionnaire du site, \u00e0 l&#8217;adresse suivante :<br \/>\nHOTEL-RESTAURANT AU CHEVAL BLANC<br \/>\n27 RUE PRINCIPALE<br \/>\n68390 BALDERSHEIM<br \/>\nLIENS HYPERTEXTES<br \/>\nLa cr\u00e9ation de liens hypertextes vers le site &#8220;&#8221;www.bestwestern-chevalblanc.com&#8221;&#8221; est soumis \u00e0 l&#8217;accord pr\u00e9alable du Directeur de la publication.<br \/>\nLes liens hypertextes \u00e9tablis en direction d&#8217;autres sites \u00e0 partir de &#8220;&#8221;www.bestwestern-chevalblanc.com&#8221;&#8221; ne sauraient, en aucun cas, engager la responsabilit\u00e9 de l&#8217;HOTEL-RESTAURANT AU CHEVAL BLANC.<br \/>\nDROITS D&#8217;AUTEURS<br \/>\nLa reproduction ou repr\u00e9sentation, int\u00e9grale ou partielle, des pages, des donn\u00e9es et de tout autre \u00e9l\u00e9ment constitutif au site, par quelque proc\u00e9d\u00e9 ou support que ce soit, est interdite et constitue sans autorisation de l&#8217;\u00e9diteur une contrefa\u00e7on.<\/p>\n<p>Cr\u00e9dits photos :<br \/>\n&#8211; \u00a9 Nicolas Jacquemin<br \/>\n&#8211; \u00a9 H\u00f4tel Restaurant Au Cheval Blanc<br \/>\n&#8211; \u00a9 Office de Tourisme de Colmar<\/p>\n","protected":false},"excerpt":{"rendered":"<p>Vous \u00eates actuellement connect\u00e9 au site &#8220;www.bestwestern-chevalblanc.com&#8221;, \u00e9dit\u00e9 par : SA HOTEL-RESTAURANT AU CHEVAL BLANC 27 RUE PRINCIPALE &#8211; 68390 BALDERSHEIM T\u00e9l\u00e9phone : +33 (0)3 89 45 45 44 Email : reservation@hotel-cheval-blanc.com RCS : Mulhouse B 319 671 749 TVA : FR 24 319671749 Assurance responsabilit\u00e9 professionnelle : Multirisques professionnelle des h\u00f4teliers GEA No 6869140004 [&hellip;]<\/p>\n","protected":false},"author":19,"featured_media":0,"parent":0,"menu_order":0,"comment_status":"closed","ping_status":"closed","template":"","meta":{"footnotes":""},"yoast_head":"<!-- This site is optimized with the Yoast SEO plugin v22.3 - https:\/\/yoast.com\/wordpress\/plugins\/seo\/ -->\n<title>Legal Notice | H\u00f4tel Au Cheval Blanc Mulhouse<\/title>\n<meta name=\"description\" content=\"Discover the legal notices for the H\u00f4tel Au Cheval Blanc Mulhouse, located at 27 rue principale, 68390 Baldersheim - France\" \/>\n<meta name=\"robots\" content=\"index, follow, max-snippet:-1, max-image-preview:large, max-video-preview:-1\" \/>\n<link rel=\"canonical\" href=\"https:\/\/www.bestwestern-chevalblanc.com\/en\/legal-notice\/\" \/>\n<meta property=\"og:locale\" content=\"en_US\" \/>\n<meta property=\"og:type\" content=\"article\" \/>\n<meta property=\"og:title\" content=\"Legal Notice | H\u00f4tel Au Cheval Blanc Mulhouse\" \/>\n<meta property=\"og:description\" content=\"Discover the legal notices for the H\u00f4tel Au Cheval Blanc Mulhouse, located at 27 rue principale, 68390 Baldersheim - France\" \/>\n<meta property=\"og:url\" content=\"https:\/\/www.bestwestern-chevalblanc.com\/en\/legal-notice\/\" \/>\n<meta property=\"og:site_name\" content=\"Best Western Au Cheval Blanc Mulhouse Nord\" \/>\n<meta property=\"article:modified_time\" content=\"2023-09-20T11:06:15+00:00\" \/>\n<meta name=\"twitter:card\" content=\"summary_large_image\" \/>\n<meta name=\"twitter:label1\" content=\"Est. reading time\" \/>\n\t<meta name=\"twitter:data1\" content=\"2 minutes\" \/>\n<script type=\"application\/ld+json\" class=\"yoast-schema-graph\">{\"@context\":\"https:\/\/schema.org\",\"@graph\":[{\"@type\":\"WebPage\",\"@id\":\"https:\/\/www.bestwestern-chevalblanc.com\/en\/legal-notice\/\",\"url\":\"https:\/\/www.bestwestern-chevalblanc.com\/en\/legal-notice\/\",\"name\":\"Legal Notice | H\u00f4tel Au Cheval Blanc Mulhouse\",\"isPartOf\":{\"@id\":\"https:\/\/www.bestwestern-chevalblanc.com\/en\/#website\"},\"datePublished\":\"2023-06-02T14:08:08+00:00\",\"dateModified\":\"2023-09-20T11:06:15+00:00\",\"description\":\"Discover the legal notices for the H\u00f4tel Au Cheval Blanc Mulhouse, located at 27 rue principale, 68390 Baldersheim - France\",\"breadcrumb\":{\"@id\":\"https:\/\/www.bestwestern-chevalblanc.com\/en\/legal-notice\/#breadcrumb\"},\"inLanguage\":\"en-US\",\"potentialAction\":[{\"@type\":\"ReadAction\",\"target\":[\"https:\/\/www.bestwestern-chevalblanc.com\/en\/legal-notice\/\"]}]},{\"@type\":\"BreadcrumbList\",\"@id\":\"https:\/\/www.bestwestern-chevalblanc.com\/en\/legal-notice\/#breadcrumb\",\"itemListElement\":[{\"@type\":\"ListItem\",\"position\":1,\"name\":\"Accueil\",\"item\":\"https:\/\/www.bestwestern-chevalblanc.com\/en\/\"},{\"@type\":\"ListItem\",\"position\":2,\"name\":\"Legal Notice\"}]},{\"@type\":\"WebSite\",\"@id\":\"https:\/\/www.bestwestern-chevalblanc.com\/en\/#website\",\"url\":\"https:\/\/www.bestwestern-chevalblanc.com\/en\/\",\"name\":\"Best Western Au Cheval Blanc Mulhouse Nord\",\"description\":\"\",\"potentialAction\":[{\"@type\":\"SearchAction\",\"target\":{\"@type\":\"EntryPoint\",\"urlTemplate\":\"https:\/\/www.bestwestern-chevalblanc.com\/en\/?s={search_term_string}\"},\"query-input\":\"required name=search_term_string\"}],\"inLanguage\":\"en-US\"}]}<\/script>\n<!-- \/ Yoast SEO plugin. -->","yoast_head_json":{"title":"Legal Notice | H\u00f4tel Au Cheval Blanc Mulhouse","description":"Discover the legal notices for the H\u00f4tel Au Cheval Blanc Mulhouse, located at 27 rue principale, 68390 Baldersheim - France","robots":{"index":"index","follow":"follow","max-snippet":"max-snippet:-1","max-image-preview":"max-image-preview:large","max-video-preview":"max-video-preview:-1"},"canonical":"https:\/\/www.bestwestern-chevalblanc.com\/en\/legal-notice\/","og_locale":"en_US","og_type":"article","og_title":"Legal Notice | H\u00f4tel Au Cheval Blanc Mulhouse","og_description":"Discover the legal notices for the H\u00f4tel Au Cheval Blanc Mulhouse, located at 27 rue principale, 68390 Baldersheim - France","og_url":"https:\/\/www.bestwestern-chevalblanc.com\/en\/legal-notice\/","og_site_name":"Best Western Au Cheval Blanc Mulhouse Nord","article_modified_time":"2023-09-20T11:06:15+00:00","twitter_card":"summary_large_image","twitter_misc":{"Est. reading time":"2 minutes"},"schema":{"@context":"https:\/\/schema.org","@graph":[{"@type":"WebPage","@id":"https:\/\/www.bestwestern-chevalblanc.com\/en\/legal-notice\/","url":"https:\/\/www.bestwestern-chevalblanc.com\/en\/legal-notice\/","name":"Legal Notice | H\u00f4tel Au Cheval Blanc Mulhouse","isPartOf":{"@id":"https:\/\/www.bestwestern-chevalblanc.com\/en\/#website"},"datePublished":"2023-06-02T14:08:08+00:00","dateModified":"2023-09-20T11:06:15+00:00","description":"Discover the legal notices for the H\u00f4tel Au Cheval Blanc Mulhouse, located at 27 rue principale, 68390 Baldersheim - France","breadcrumb":{"@id":"https:\/\/www.bestwestern-chevalblanc.com\/en\/legal-notice\/#breadcrumb"},"inLanguage":"en-US","potentialAction":[{"@type":"ReadAction","target":["https:\/\/www.bestwestern-chevalblanc.com\/en\/legal-notice\/"]}]},{"@type":"BreadcrumbList","@id":"https:\/\/www.bestwestern-chevalblanc.com\/en\/legal-notice\/#breadcrumb","itemListElement":[{"@type":"ListItem","position":1,"name":"Accueil","item":"https:\/\/www.bestwestern-chevalblanc.com\/en\/"},{"@type":"ListItem","position":2,"name":"Legal Notice"}]},{"@type":"WebSite","@id":"https:\/\/www.bestwestern-chevalblanc.com\/en\/#website","url":"https:\/\/www.bestwestern-chevalblanc.com\/en\/","name":"Best Western Au Cheval Blanc Mulhouse Nord","description":"","potentialAction":[{"@type":"SearchAction","target":{"@type":"EntryPoint","urlTemplate":"https:\/\/www.bestwestern-chevalblanc.com\/en\/?s={search_term_string}"},"query-input":"required name=search_term_string"}],"inLanguage":"en-US"}]}},"acf":[],"_links":{"self":[{"href":"https:\/\/www.bestwestern-chevalblanc.com\/en\/wp-json\/wp\/v2\/pages\/680"}],"collection":[{"href":"https:\/\/www.bestwestern-chevalblanc.com\/en\/wp-json\/wp\/v2\/pages"}],"about":[{"href":"https:\/\/www.bestwestern-chevalblanc.com\/en\/wp-json\/wp\/v2\/types\/page"}],"author":[{"embeddable":true,"href":"https:\/\/www.bestwestern-chevalblanc.com\/en\/wp-json\/wp\/v2\/users\/19"}],"replies":[{"embeddable":true,"href":"https:\/\/www.bestwestern-chevalblanc.com\/en\/wp-json\/wp\/v2\/comments?post=680"}],"version-history":[{"count":0,"href":"https:\/\/www.bestwestern-chevalblanc.com\/en\/wp-json\/wp\/v2\/pages\/680\/revisions"}],"wp:attachment":[{"href":"https:\/\/www.bestwestern-chevalblanc.com\/en\/wp-json\/wp\/v2\/media?parent=680"}],"curies":[{"name":"wp","href":"https:\/\/api.w.org\/{rel}","templated":true}]}}