{"id":710,"date":"2023-09-19T11:16:17","date_gmt":"2023-09-19T09:16:17","guid":{"rendered":"https:\/\/bw-au-cheval-blanc.ms2.decms.eu\/special-offers-packages\/sejour-en-alsace-avec-voiture-de-collection-a-la-cite-de-lautomobile\/"},"modified":"2023-09-19T11:16:17","modified_gmt":"2023-09-19T09:16:17","slug":"sejour-en-alsace-avec-voiture-de-collection-a-la-cite-de-lautomobile","status":"publish","type":"page","link":"https:\/\/www.bestwestern-chevalblanc.com\/en\/special-offers-packages\/sejour-en-alsace-avec-voiture-de-collection-a-la-cite-de-lautomobile\/","title":{"rendered":"S\u00e9jour en Alsace avec voiture de collection \u00e0 la cit\u00e9 de l&#8217;automobile"},"content":{"rendered":"<p><strong>Votre pack comprend :<\/strong><\/p>\n<ul>\n<li>1 nuit avec petits d\u00e9jeuners \u00e0 l&#8217;h\u00f4tel Best Western Plus Au Cheval Blanc<\/li>\n<li>2 repas traditionnels au restaurant Au Cheval Blanc<\/li>\n<li>Prenez le volant d&#8217;une voiture de collection pour 7 tours de piste \u00e0 l&#8217;autodrome + acc\u00e8s \u00e0 l&#8217;Espace D\u00e9tente de l&#8217;h\u00f4tel<\/li>\n<\/ul>\n","protected":false},"excerpt":{"rendered":"<p>Votre pack comprend : 1 nuit avec petits d\u00e9jeuners \u00e0 l&#8217;h\u00f4tel Best Western Plus Au Cheval Blanc 2 repas traditionnels au restaurant Au Cheval Blanc Prenez le volant d&#8217;une voiture de collection pour 7 tours de piste \u00e0 l&#8217;autodrome + acc\u00e8s \u00e0 l&#8217;Espace D\u00e9tente de l&#8217;h\u00f4tel<\/p>\n","protected":false},"author":19,"featured_media":0,"parent":677,"menu_order":0,"comment_status":"closed","ping_status":"closed","template":"template-single-offer.php","meta":{"footnotes":""},"yoast_head":"<!-- This site is optimized with the Yoast SEO plugin v22.3 - https:\/\/yoast.com\/wordpress\/plugins\/seo\/ -->\n<title>S\u00e9jour en Alsace avec voiture de collection \u00e0 la cit\u00e9 de l&#039;automobile - Best Western Au Cheval Blanc Mulhouse Nord<\/title>\n<meta name=\"robots\" content=\"index, follow, max-snippet:-1, max-image-preview:large, max-video-preview:-1\" \/>\n<link rel=\"canonical\" href=\"https:\/\/www.bestwestern-chevalblanc.com\/en\/special-offers-packages\/sejour-en-alsace-avec-voiture-de-collection-a-la-cite-de-lautomobile\/\" \/>\n<meta property=\"og:locale\" content=\"en_US\" \/>\n<meta property=\"og:type\" content=\"article\" \/>\n<meta property=\"og:title\" content=\"S\u00e9jour en Alsace avec voiture de collection \u00e0 la cit\u00e9 de l&#039;automobile - Best Western Au Cheval Blanc Mulhouse Nord\" \/>\n<meta property=\"og:description\" content=\"Votre pack comprend : 1 nuit avec petits d\u00e9jeuners \u00e0 l&#8217;h\u00f4tel Best Western Plus Au Cheval Blanc 2 repas traditionnels au restaurant Au Cheval Blanc Prenez le volant d&#8217;une voiture de collection pour 7 tours de piste \u00e0 l&#8217;autodrome + acc\u00e8s \u00e0 l&#8217;Espace D\u00e9tente de l&#8217;h\u00f4tel\" \/>\n<meta property=\"og:url\" content=\"https:\/\/www.bestwestern-chevalblanc.com\/en\/special-offers-packages\/sejour-en-alsace-avec-voiture-de-collection-a-la-cite-de-lautomobile\/\" \/>\n<meta property=\"og:site_name\" content=\"Best Western Au Cheval Blanc Mulhouse Nord\" \/>\n<meta name=\"twitter:card\" content=\"summary_large_image\" \/>\n<script type=\"application\/ld+json\" class=\"yoast-schema-graph\">{\"@context\":\"https:\/\/schema.org\",\"@graph\":[{\"@type\":\"WebPage\",\"@id\":\"https:\/\/www.bestwestern-chevalblanc.com\/en\/special-offers-packages\/sejour-en-alsace-avec-voiture-de-collection-a-la-cite-de-lautomobile\/\",\"url\":\"https:\/\/www.bestwestern-chevalblanc.com\/en\/special-offers-packages\/sejour-en-alsace-avec-voiture-de-collection-a-la-cite-de-lautomobile\/\",\"name\":\"S\u00e9jour en Alsace avec voiture de collection \u00e0 la cit\u00e9 de l'automobile - Best Western Au Cheval Blanc Mulhouse Nord\",\"isPartOf\":{\"@id\":\"https:\/\/www.bestwestern-chevalblanc.com\/en\/#website\"},\"datePublished\":\"2023-09-19T09:16:17+00:00\",\"dateModified\":\"2023-09-19T09:16:17+00:00\",\"breadcrumb\":{\"@id\":\"https:\/\/www.bestwestern-chevalblanc.com\/en\/special-offers-packages\/sejour-en-alsace-avec-voiture-de-collection-a-la-cite-de-lautomobile\/#breadcrumb\"},\"inLanguage\":\"en-US\",\"potentialAction\":[{\"@type\":\"ReadAction\",\"target\":[\"https:\/\/www.bestwestern-chevalblanc.com\/en\/special-offers-packages\/sejour-en-alsace-avec-voiture-de-collection-a-la-cite-de-lautomobile\/\"]}]},{\"@type\":\"BreadcrumbList\",\"@id\":\"https:\/\/www.bestwestern-chevalblanc.com\/en\/special-offers-packages\/sejour-en-alsace-avec-voiture-de-collection-a-la-cite-de-lautomobile\/#breadcrumb\",\"itemListElement\":[{\"@type\":\"ListItem\",\"position\":1,\"name\":\"Accueil\",\"item\":\"https:\/\/www.bestwestern-chevalblanc.com\/en\/\"},{\"@type\":\"ListItem\",\"position\":2,\"name\":\"Special offers &#038; Packages\",\"item\":\"https:\/\/www.bestwestern-chevalblanc.com\/en\/special-offers-packages\/\"},{\"@type\":\"ListItem\",\"position\":3,\"name\":\"S\u00e9jour en Alsace avec voiture de collection \u00e0 la cit\u00e9 de l&#8217;automobile\"}]},{\"@type\":\"WebSite\",\"@id\":\"https:\/\/www.bestwestern-chevalblanc.com\/en\/#website\",\"url\":\"https:\/\/www.bestwestern-chevalblanc.com\/en\/\",\"name\":\"Best Western Au Cheval Blanc Mulhouse Nord\",\"description\":\"\",\"potentialAction\":[{\"@type\":\"SearchAction\",\"target\":{\"@type\":\"EntryPoint\",\"urlTemplate\":\"https:\/\/www.bestwestern-chevalblanc.com\/en\/?s={search_term_string}\"},\"query-input\":\"required name=search_term_string\"}],\"inLanguage\":\"en-US\"}]}<\/script>\n<!-- \/ Yoast SEO plugin. -->","yoast_head_json":{"title":"S\u00e9jour en Alsace avec voiture de collection \u00e0 la cit\u00e9 de l'automobile - Best Western Au Cheval Blanc Mulhouse Nord","robots":{"index":"index","follow":"follow","max-snippet":"max-snippet:-1","max-image-preview":"max-image-preview:large","max-video-preview":"max-video-preview:-1"},"canonical":"https:\/\/www.bestwestern-chevalblanc.com\/en\/special-offers-packages\/sejour-en-alsace-avec-voiture-de-collection-a-la-cite-de-lautomobile\/","og_locale":"en_US","og_type":"article","og_title":"S\u00e9jour en Alsace avec voiture de collection \u00e0 la cit\u00e9 de l'automobile - Best Western Au Cheval Blanc Mulhouse Nord","og_description":"Votre pack comprend : 1 nuit avec petits d\u00e9jeuners \u00e0 l&#8217;h\u00f4tel Best Western Plus Au Cheval Blanc 2 repas traditionnels au restaurant Au Cheval Blanc Prenez le volant d&#8217;une voiture de collection pour 7 tours de piste \u00e0 l&#8217;autodrome + acc\u00e8s \u00e0 l&#8217;Espace D\u00e9tente de l&#8217;h\u00f4tel","og_url":"https:\/\/www.bestwestern-chevalblanc.com\/en\/special-offers-packages\/sejour-en-alsace-avec-voiture-de-collection-a-la-cite-de-lautomobile\/","og_site_name":"Best Western Au Cheval Blanc Mulhouse Nord","twitter_card":"summary_large_image","schema":{"@context":"https:\/\/schema.org","@graph":[{"@type":"WebPage","@id":"https:\/\/www.bestwestern-chevalblanc.com\/en\/special-offers-packages\/sejour-en-alsace-avec-voiture-de-collection-a-la-cite-de-lautomobile\/","url":"https:\/\/www.bestwestern-chevalblanc.com\/en\/special-offers-packages\/sejour-en-alsace-avec-voiture-de-collection-a-la-cite-de-lautomobile\/","name":"S\u00e9jour en Alsace avec voiture de collection \u00e0 la cit\u00e9 de l'automobile - Best Western Au Cheval Blanc Mulhouse Nord","isPartOf":{"@id":"https:\/\/www.bestwestern-chevalblanc.com\/en\/#website"},"datePublished":"2023-09-19T09:16:17+00:00","dateModified":"2023-09-19T09:16:17+00:00","breadcrumb":{"@id":"https:\/\/www.bestwestern-chevalblanc.com\/en\/special-offers-packages\/sejour-en-alsace-avec-voiture-de-collection-a-la-cite-de-lautomobile\/#breadcrumb"},"inLanguage":"en-US","potentialAction":[{"@type":"ReadAction","target":["https:\/\/www.bestwestern-chevalblanc.com\/en\/special-offers-packages\/sejour-en-alsace-avec-voiture-de-collection-a-la-cite-de-lautomobile\/"]}]},{"@type":"BreadcrumbList","@id":"https:\/\/www.bestwestern-chevalblanc.com\/en\/special-offers-packages\/sejour-en-alsace-avec-voiture-de-collection-a-la-cite-de-lautomobile\/#breadcrumb","itemListElement":[{"@type":"ListItem","position":1,"name":"Accueil","item":"https:\/\/www.bestwestern-chevalblanc.com\/en\/"},{"@type":"ListItem","position":2,"name":"Special offers &#038; Packages","item":"https:\/\/www.bestwestern-chevalblanc.com\/en\/special-offers-packages\/"},{"@type":"ListItem","position":3,"name":"S\u00e9jour en Alsace avec voiture de collection \u00e0 la cit\u00e9 de l&#8217;automobile"}]},{"@type":"WebSite","@id":"https:\/\/www.bestwestern-chevalblanc.com\/en\/#website","url":"https:\/\/www.bestwestern-chevalblanc.com\/en\/","name":"Best Western Au Cheval Blanc Mulhouse Nord","description":"","potentialAction":[{"@type":"SearchAction","target":{"@type":"EntryPoint","urlTemplate":"https:\/\/www.bestwestern-chevalblanc.com\/en\/?s={search_term_string}"},"query-input":"required name=search_term_string"}],"inLanguage":"en-US"}]}},"acf":[],"_links":{"self":[{"href":"https:\/\/www.bestwestern-chevalblanc.com\/en\/wp-json\/wp\/v2\/pages\/710"}],"collection":[{"href":"https:\/\/www.bestwestern-chevalblanc.com\/en\/wp-json\/wp\/v2\/pages"}],"about":[{"href":"https:\/\/www.bestwestern-chevalblanc.com\/en\/wp-json\/wp\/v2\/types\/page"}],"author":[{"embeddable":true,"href":"https:\/\/www.bestwestern-chevalblanc.com\/en\/wp-json\/wp\/v2\/users\/19"}],"replies":[{"embeddable":true,"href":"https:\/\/www.bestwestern-chevalblanc.com\/en\/wp-json\/wp\/v2\/comments?post=710"}],"version-history":[{"count":0,"href":"https:\/\/www.bestwestern-chevalblanc.com\/en\/wp-json\/wp\/v2\/pages\/710\/revisions"}],"up":[{"embeddable":true,"href":"https:\/\/www.bestwestern-chevalblanc.com\/en\/wp-json\/wp\/v2\/pages\/677"}],"wp:attachment":[{"href":"https:\/\/www.bestwestern-chevalblanc.com\/en\/wp-json\/wp\/v2\/media?parent=710"}],"curies":[{"name":"wp","href":"https:\/\/api.w.org\/{rel}","templated":true}]}}